{"id":3552,"date":"2025-10-30T09:21:19","date_gmt":"2025-10-30T16:21:19","guid":{"rendered":"https:\/\/staging.sandiegocounty.gov\/?page_id=3552"},"modified":"2026-03-16T16:33:04","modified_gmt":"2026-03-16T23:33:04","slug":"accesibilidad","status":"publish","type":"page","link":"https:\/\/www.sandiegocounty.gov\/es\/accessibility\/","title":{"rendered":"Accesibilidad del sitio web"},"content":{"rendered":"<div style=\"height:22px\" aria-hidden=\"true\" class=\"wp-block-spacer\"><\/div>\n\n\n\n<p>El condado de San Diego est\u00e1 comprometido <a>a sus p\u00e1ginas web reuni\u00f3n <\/a><a href=\"https:\/\/www.w3.org\/TR\/WCAG21\/\">Pautas de accesibilidad para el contenido web 2.1<\/a><a> Nivel AA<\/a>. Esto concuerda con la normativa del Departamento de Justicia que actualiza el T\u00edtulo II de la Ley para Estadounidenses con Discapacidades (ADA). Dicha actualizaci\u00f3n exige que los gobiernos locales hagan accesibles sus contenidos web y aplicaciones m\u00f3viles.<\/p>\n\n\n\n<p>El sitio web principal del condado est\u00e1 dise\u00f1ado para funcionar con tecnolog\u00eda de asistencia y cumple con las directrices de legibilidad, contraste y otros aspectos de accesibilidad. Continuamos revisando el contenido y los servicios antiguos proporcionados por terceros para garantizar que cumplan con las directrices vigentes.<\/p>\n\n\n\n<h2 class=\"wp-block-heading\" id=\"h-report-website-issues\">Informar sobre problemas del sitio web<\/h2>\n\n\n\n<p>Si tiene alg\u00fan problema de accesibilidad en el sitio web, inf\u00f3rmelo a <a href=\"mailto:webmaster@sdcounty.ca.gov\">webmaster@sdcounty.ca.gov<\/a>. Incluir:<\/p>\n\n\n\n<ul class=\"wp-block-list\">\n<li>Descripci\u00f3n del problema de accesibilidad<\/li>\n\n\n\n<li>La URL de la p\u00e1gina con el problema<\/li>\n\n\n\n<li>Su informaci\u00f3n de contacto (correo electr\u00f3nico, tel\u00e9fono o direcci\u00f3n), si desea que le respondamos<\/li>\n<\/ul>\n\n\n\n<h2 class=\"wp-block-heading\" id=\"h-get-more-information-or-file-a-complaint\">Obtenga m\u00e1s informaci\u00f3n o presente una queja<\/h2>\n\n\n\n<p>Visite la Oficina de \u00c9tica y Cumplimiento <a href=\"https:\/\/www.sandiegocounty.gov\/content\/sdc\/cao\/oec\/accessibility\/\">P\u00e1gina de concienciaci\u00f3n sobre accesibilidad<\/a> a:<\/p>\n\n\n\n<ul class=\"wp-block-list\">\n<li>Obtenga m\u00e1s informaci\u00f3n sobre la accesibilidad a los servicios, programas y actividades del condado.<\/li>\n\n\n\n<li>Presentar una queja en virtud de la Ley de Estadounidenses con Discapacidades (ADA).<\/li>\n<\/ul>\n\n\n\n<h2 class=\"wp-block-heading\" id=\"h-browser-tools\">Herramientas del navegador<\/h2>\n\n\n\n<p>Los navegadores y sistemas operativos m\u00e1s comunes incorporan numerosas funciones de accesibilidad. Estas var\u00edan seg\u00fan el sistema que uses. Algunas de las m\u00e1s comunes son:<\/p>\n\n\n\n<ul class=\"wp-block-list\">\n<li><a href=\"https:\/\/belonging.google\/accessible-features\/\">Chrome y Android<\/a><\/li>\n\n\n\n<li><a href=\"https:\/\/support.apple.com\/accessibility\">Apple y Safari<\/a><\/li>\n\n\n\n<li><a href=\"https:\/\/support.microsoft.com\/en-us\/microsoft-edge\/accessibility-features-in-microsoft-edge-4c696192-338e-9465-b2cd-bd9b698ad19a#ID0EBBD=Windows&amp;id0ebbd=windows\">Microsoft Edge<\/a><\/li>\n\n\n\n<li><a href=\"https:\/\/support.mozilla.org\/en-US\/kb\/accessibility-features-firefox\">Mozilla Firefox<\/a><\/li>\n<\/ul>\n\n\n\n<p><a id=\"_msocom_1\"><\/a><\/p>\n\n\n\n<p><\/p>","protected":false},"excerpt":{"rendered":"<p>The County of San Diego strives to have its website, apps, and other digital properties accessibile for persons with disabilities. [&#8230;]<\/p>\n<p><a class=\"btn btn-secondary understrap-read-more-link\" href=\"https:\/\/www.sandiegocounty.gov\/es\/accessibility\/\">Read More&#8230;<span class=\"screen-reader-text\"> from Website accessibility<\/span><\/a><\/p>\n","protected":false},"author":19,"featured_media":0,"parent":0,"menu_order":0,"comment_status":"closed","ping_status":"closed","template":"page-templates\/about.php","meta":{"_acf_changed":false,"footnotes":""},"departments":[],"class_list":["post-3552","page","type-page","status-publish","hentry"],"acf":[],"yoast_head":"<!-- This site is optimized with the Yoast SEO Premium plugin v27.2 (Yoast SEO v27.2) - https:\/\/yoast.com\/product\/yoast-seo-premium-wordpress\/ -->\n<title>Website accessibility - County of San Diego<\/title>\n<meta name=\"robots\" content=\"index, follow, max-snippet:-1, max-image-preview:large, max-video-preview:-1\" \/>\n<link rel=\"canonical\" href=\"https:\/\/www.sandiegocounty.gov\/es\/accesibilidad\/\" \/>\n<meta property=\"og:locale\" content=\"es_MX\" \/>\n<meta property=\"og:type\" content=\"article\" \/>\n<meta property=\"og:title\" content=\"Website accessibility\" \/>\n<meta property=\"og:description\" content=\"The County of San Diego strives to have its website, apps, and other digital properties accessibile for persons with disabilities. [...]Read More... from Website accessibility\" \/>\n<meta property=\"og:url\" content=\"https:\/\/www.sandiegocounty.gov\/es\/accesibilidad\/\" \/>\n<meta property=\"og:site_name\" content=\"County of San Diego\" \/>\n<meta property=\"article:publisher\" content=\"https:\/\/www.facebook.com\/sandiegocounty\" \/>\n<meta property=\"article:modified_time\" content=\"2026-03-16T23:33:04+00:00\" \/>\n<meta property=\"og:image\" content=\"https:\/\/www.sandiegocounty.gov\/uploads\/2025\/10\/County-logo-OpenGraph-1200x630-1.png\" \/>\n\t<meta property=\"og:image:width\" content=\"1200\" \/>\n\t<meta property=\"og:image:height\" content=\"630\" \/>\n\t<meta property=\"og:image:type\" content=\"image\/png\" \/>\n<meta name=\"twitter:card\" content=\"summary_large_image\" \/>\n<meta name=\"twitter:site\" content=\"@SanDiegoCounty\" \/>\n<meta name=\"twitter:label1\" content=\"Est. reading time\" \/>\n\t<meta name=\"twitter:data1\" content=\"1 minute\" \/>\n<script type=\"application\/ld+json\" class=\"yoast-schema-graph\">{\"@context\":\"https:\/\/schema.org\",\"@graph\":[{\"@type\":\"WebPage\",\"@id\":\"https:\/\/www.sandiegocounty.gov\/accessibility\/\",\"url\":\"https:\/\/www.sandiegocounty.gov\/accessibility\/\",\"name\":\"Website accessibility - County of San Diego\",\"isPartOf\":{\"@id\":\"https:\/\/www.sandiegocounty.gov\/#website\"},\"datePublished\":\"2025-10-30T16:21:19+00:00\",\"dateModified\":\"2026-03-16T23:33:04+00:00\",\"breadcrumb\":{\"@id\":\"https:\/\/www.sandiegocounty.gov\/accessibility\/#breadcrumb\"},\"inLanguage\":\"es-MX\",\"potentialAction\":[{\"@type\":\"ReadAction\",\"target\":[\"https:\/\/www.sandiegocounty.gov\/accessibility\/\"]}]},{\"@type\":\"BreadcrumbList\",\"@id\":\"https:\/\/www.sandiegocounty.gov\/accessibility\/#breadcrumb\",\"itemListElement\":[{\"@type\":\"ListItem\",\"position\":1,\"name\":\"Home\",\"item\":\"https:\/\/www.sandiegocounty.gov\/\"},{\"@type\":\"ListItem\",\"position\":2,\"name\":\"Website accessibility\"}]},{\"@type\":\"WebSite\",\"@id\":\"https:\/\/www.sandiegocounty.gov\/#website\",\"url\":\"https:\/\/www.sandiegocounty.gov\/\",\"name\":\"County of San Diego\",\"description\":\"\",\"publisher\":{\"@id\":\"https:\/\/www.sandiegocounty.gov\/#organization\"},\"alternateName\":\"SanDiegoCounty.gov\",\"potentialAction\":[{\"@type\":\"SearchAction\",\"target\":{\"@type\":\"EntryPoint\",\"urlTemplate\":\"https:\/\/www.sandiegocounty.gov\/?s={search_term_string}\"},\"query-input\":{\"@type\":\"PropertyValueSpecification\",\"valueRequired\":true,\"valueName\":\"search_term_string\"}}],\"inLanguage\":\"es-MX\"},{\"@type\":\"Organization\",\"@id\":\"https:\/\/www.sandiegocounty.gov\/#organization\",\"name\":\"County of San Diego\",\"url\":\"https:\/\/www.sandiegocounty.gov\/\",\"logo\":{\"@type\":\"ImageObject\",\"inLanguage\":\"es-MX\",\"@id\":\"https:\/\/www.sandiegocounty.gov\/#\/schema\/logo\/image\/\",\"url\":\"https:\/\/www.sandiegocounty.gov\/uploads\/2024\/07\/CoSD-Logo-cropped.png\",\"contentUrl\":\"https:\/\/www.sandiegocounty.gov\/uploads\/2024\/07\/CoSD-Logo-cropped.png\",\"width\":150,\"height\":150,\"caption\":\"County of San Diego\"},\"image\":{\"@id\":\"https:\/\/www.sandiegocounty.gov\/#\/schema\/logo\/image\/\"},\"sameAs\":[\"https:\/\/www.facebook.com\/sandiegocounty\",\"https:\/\/x.com\/SanDiegoCounty\",\"https:\/\/www.youtube.com\/countysandiego\",\"https:\/\/www.instagram.com\/countyofsandiego\/\"],\"description\":\"The County provides a wide variety of health, public safety and community services to residents of the region's 18 cities and a large unincorporated area.\",\"telephone\":\"(858) 694-3900\",\"legalName\":\"County of San Diego\"}]}<\/script>\n<!-- \/ Yoast SEO Premium plugin. -->","yoast_head_json":{"title":"Accesibilidad del sitio web - Condado de San Diego","robots":{"index":"index","follow":"follow","max-snippet":"max-snippet:-1","max-image-preview":"max-image-preview:large","max-video-preview":"max-video-preview:-1"},"canonical":"https:\/\/www.sandiegocounty.gov\/es\/accesibilidad\/","og_locale":"es_MX","og_type":"article","og_title":"Website accessibility","og_description":"The County of San Diego strives to have its website, apps, and other digital properties accessibile for persons with disabilities. [...]Read More... from Website accessibility","og_url":"https:\/\/www.sandiegocounty.gov\/es\/accesibilidad\/","og_site_name":"County of San Diego","article_publisher":"https:\/\/www.facebook.com\/sandiegocounty","article_modified_time":"2026-03-16T23:33:04+00:00","og_image":[{"width":1200,"height":630,"url":"https:\/\/www.sandiegocounty.gov\/uploads\/2025\/10\/County-logo-OpenGraph-1200x630-1.png","type":"image\/png"}],"twitter_card":"summary_large_image","twitter_site":"@SanDiegoCounty","twitter_misc":{"Est. reading time":"1 minute"},"schema":{"@context":"https:\/\/schema.org","@graph":[{"@type":"WebPage","@id":"https:\/\/www.sandiegocounty.gov\/accessibility\/","url":"https:\/\/www.sandiegocounty.gov\/accessibility\/","name":"Accesibilidad del sitio web - Condado de San Diego","isPartOf":{"@id":"https:\/\/www.sandiegocounty.gov\/#website"},"datePublished":"2025-10-30T16:21:19+00:00","dateModified":"2026-03-16T23:33:04+00:00","breadcrumb":{"@id":"https:\/\/www.sandiegocounty.gov\/accessibility\/#breadcrumb"},"inLanguage":"es-MX","potentialAction":[{"@type":"ReadAction","target":["https:\/\/www.sandiegocounty.gov\/accessibility\/"]}]},{"@type":"BreadcrumbList","@id":"https:\/\/www.sandiegocounty.gov\/accessibility\/#breadcrumb","itemListElement":[{"@type":"ListItem","position":1,"name":"Home","item":"https:\/\/www.sandiegocounty.gov\/"},{"@type":"ListItem","position":2,"name":"Website accessibility"}]},{"@type":"WebSite","@id":"https:\/\/www.sandiegocounty.gov\/#website","url":"https:\/\/www.sandiegocounty.gov\/","name":"Condado de San Diego","description":"","publisher":{"@id":"https:\/\/www.sandiegocounty.gov\/#organization"},"alternateName":"SanDiegoCounty.gov","potentialAction":[{"@type":"SearchAction","target":{"@type":"EntryPoint","urlTemplate":"https:\/\/www.sandiegocounty.gov\/?s={search_term_string}"},"query-input":{"@type":"PropertyValueSpecification","valueRequired":true,"valueName":"search_term_string"}}],"inLanguage":"es-MX"},{"@type":"Organization","@id":"https:\/\/www.sandiegocounty.gov\/#organization","name":"Condado de San Diego","url":"https:\/\/www.sandiegocounty.gov\/","logo":{"@type":"ImageObject","inLanguage":"es-MX","@id":"https:\/\/www.sandiegocounty.gov\/#\/schema\/logo\/image\/","url":"https:\/\/www.sandiegocounty.gov\/uploads\/2024\/07\/CoSD-Logo-cropped.png","contentUrl":"https:\/\/www.sandiegocounty.gov\/uploads\/2024\/07\/CoSD-Logo-cropped.png","width":150,"height":150,"caption":"County of San Diego"},"image":{"@id":"https:\/\/www.sandiegocounty.gov\/#\/schema\/logo\/image\/"},"sameAs":["https:\/\/www.facebook.com\/sandiegocounty","https:\/\/x.com\/SanDiegoCounty","https:\/\/www.youtube.com\/countysandiego","https:\/\/www.instagram.com\/countyofsandiego\/"],"description":"El condado ofrece una amplia variedad de servicios de salud, seguridad p\u00fablica y comunitarios a los residentes de las 18 ciudades de la regi\u00f3n y una gran \u00e1rea no incorporada.","telephone":"(858) 694-3900","legalName":"County of San Diego"}]}},"_links":{"self":[{"href":"https:\/\/www.sandiegocounty.gov\/es\/wp-json\/wp\/v2\/pages\/3552","targetHints":{"allow":["GET"]}}],"collection":[{"href":"https:\/\/www.sandiegocounty.gov\/es\/wp-json\/wp\/v2\/pages"}],"about":[{"href":"https:\/\/www.sandiegocounty.gov\/es\/wp-json\/wp\/v2\/types\/page"}],"author":[{"embeddable":true,"href":"https:\/\/www.sandiegocounty.gov\/es\/wp-json\/wp\/v2\/users\/19"}],"replies":[{"embeddable":true,"href":"https:\/\/www.sandiegocounty.gov\/es\/wp-json\/wp\/v2\/comments?post=3552"}],"version-history":[{"count":10,"href":"https:\/\/www.sandiegocounty.gov\/es\/wp-json\/wp\/v2\/pages\/3552\/revisions"}],"predecessor-version":[{"id":6168,"href":"https:\/\/www.sandiegocounty.gov\/es\/wp-json\/wp\/v2\/pages\/3552\/revisions\/6168"}],"wp:attachment":[{"href":"https:\/\/www.sandiegocounty.gov\/es\/wp-json\/wp\/v2\/media?parent=3552"}],"wp:term":[{"taxonomy":"departments","embeddable":true,"href":"https:\/\/www.sandiegocounty.gov\/es\/wp-json\/wp\/v2\/departments?post=3552"}],"curies":[{"name":"gracias","href":"https:\/\/api.w.org\/{rel}","templated":true}]}}