{"id":4542,"date":"2025-09-17T18:22:29","date_gmt":"2025-09-18T01:22:29","guid":{"rendered":"https:\/\/beta.sandiegocounty.gov\/?page_id=4542"},"modified":"2026-04-16T07:26:51","modified_gmt":"2026-04-16T14:26:51","slug":"politicas-de-seguridad-y-privacidad","status":"publish","type":"page","link":"https:\/\/www.sandiegocounty.gov\/es\/security-and-privacy-policies\/","title":{"rendered":"Pol\u00edticas de seguridad y privacidad"},"content":{"rendered":"<h2 class=\"wp-block-heading\" id=\"h-information-we-may-collect-and-how-it-may-be-used\" data-toc=\"true\">Informaci\u00f3n que podemos recopilar y c\u00f3mo se puede utilizar<\/h2>\n\n\n\n<p>Si durante su visita al sitio web del condado no hace nada m\u00e1s que navegar o descargar informaci\u00f3n, es posible que recopilemos y almacenemos autom\u00e1ticamente la siguiente informaci\u00f3n sobre su visita:<\/p>\n\n\n\n<ul class=\"wp-block-list\">\n<li>La direcci\u00f3n IP y el nombre de dominio utilizados, pero no la direcci\u00f3n de correo electr\u00f3nico. La direcci\u00f3n IP es un identificador num\u00e9rico asignado a su proveedor de servicios de internet o directamente a su ordenador. Utilizamos la direcci\u00f3n IP para dirigir el tr\u00e1fico de internet hacia usted.&nbsp;<\/li>\n\n\n\n<li>El tipo de navegador y sistema operativo que utiliz\u00f3 y su velocidad de conexi\u00f3n;&nbsp;<\/li>\n\n\n\n<li>La fecha y hora en que visit\u00f3 este sitio;&nbsp;<\/li>\n\n\n\n<li>Las p\u00e1ginas web o servicios a los que accedi\u00f3 en este sitio; y&nbsp;<\/li>\n\n\n\n<li>El sitio web que visit\u00f3 antes de llegar a este sitio web.&nbsp;<\/li>\n<\/ul>\n\n\n\n<p>La informaci\u00f3n que recopilamos o almacenamos puede utilizarse para mejorar el contenido de nuestros servicios web y para comprender c\u00f3mo los usuarios los utilizan. Los registros de nuestro sitio web no identifican personalmente a nadie y no intentamos vincularlos con las personas que navegan por el sitio web del Condado. Si durante su visita al sitio web o la aplicaci\u00f3n m\u00f3vil del Condado env\u00eda un correo electr\u00f3nico, participa en una encuesta o informa de un problema, se recopilar\u00e1 la siguiente informaci\u00f3n adicional:<\/p>\n\n\n\n<ul class=\"wp-block-list\">\n<li>Correspondencia por correo electr\u00f3nico: La direcci\u00f3n de correo electr\u00f3nico y el contenido del correo electr\u00f3nico;&nbsp;<\/li>\n\n\n\n<li>Encuestas: Cualquier informaci\u00f3n que usted proporcion\u00f3 voluntariamente en respuesta a una encuesta.&nbsp;<\/li>\n\n\n\n<li>Aplicaci\u00f3n web o m\u00f3vil: Cualquier informaci\u00f3n enviada, as\u00ed como datos de geolocalizaci\u00f3n permitidos por el dispositivo y\/o especificaciones t\u00e9cnicas como, pero no limitado a, tipo de c\u00e1mara, metadatos de la foto o modelo del dispositivo y sistema operativo.<\/li>\n<\/ul>\n\n\n\n<p>La informaci\u00f3n recopilada puede no limitarse a caracteres de texto e incluir formatos de audio, video e informaci\u00f3n gr\u00e1fica que nos env\u00ede. La informaci\u00f3n se conserva de acuerdo con las pol\u00edticas del Condado. Podemos usar su correo electr\u00f3nico para responder adecuadamente. Esto puede ser para responderle, abordar los problemas que identifique, mejorar nuestro sitio web o reenviar el correo electr\u00f3nico a otra agencia para que tome las medidas pertinentes. La informaci\u00f3n de la encuesta y los problemas reportados se utilizar\u00e1n para el prop\u00f3sito designado.<\/p>\n\n\n\n<h2 class=\"wp-block-heading\" id=\"h-personal-information-and-choice\" data-toc=\"true\">Informaci\u00f3n personal y opciones<\/h2>\n\n\n\n<p>La &quot;informaci\u00f3n personal&quot; es informaci\u00f3n sobre una persona que permite identificarla f\u00e1cilmente. Esta informaci\u00f3n incluye identificadores personales como el nombre, la direcci\u00f3n y el n\u00famero de tel\u00e9fono. Un nombre de dominio o una direcci\u00f3n IP no se consideran informaci\u00f3n personal.<\/p>\n\n\n\n<p>No recopilaremos informaci\u00f3n personal sobre usted a menos que participe voluntariamente en una actividad que solicite informaci\u00f3n (por ejemplo, enviar un correo electr\u00f3nico o participar en una encuesta). Si decide no participar en estas actividades, su decisi\u00f3n no afectar\u00e1 en modo alguno su capacidad para usar cualquier otra funci\u00f3n del sitio web del Condado.<\/p>\n\n\n\n<p>Si se solicita informaci\u00f3n personal en el sitio web o el usuario la proporciona voluntariamente, las reglas y regulaciones del condado, la Ley de Pr\u00e1cticas de Informaci\u00f3n del Estado de 1977 o la Ley Federal de Privacidad de 1974 pueden protegerla de su divulgaci\u00f3n.<\/p>\n\n\n\n<p>Los menores de edad no pueden usar servicios que requieran el env\u00edo de informaci\u00f3n personal, y exigimos que los menores de 18 a\u00f1os no nos env\u00eden informaci\u00f3n personal. Esto incluye enviar informaci\u00f3n personal al Condado como parte de un perfil de usuario o de personalizaci\u00f3n. Si es menor de edad, solo puede usar estos servicios si lo hace acompa\u00f1ado de sus padres o tutores legales. Si es menor de edad, debe consultar con sus padres.<\/p>\n\n\n\n<h2 class=\"wp-block-heading\" id=\"h-public-disclosure\" data-toc=\"true\">Divulgaci\u00f3n p\u00fablica<\/h2>\n\n\n\n<p>Nos esforzamos por proteger la informaci\u00f3n personal identificable recopilando \u00fanicamente la informaci\u00f3n necesaria para prestar nuestros servicios. Toda la informaci\u00f3n recopilada en este sitio web o a trav\u00e9s de una aplicaci\u00f3n web o m\u00f3vil se convierte en informaci\u00f3n p\u00fablica y puede estar sujeta a inspecci\u00f3n y copia por parte del p\u00fablico, salvo que exista una exenci\u00f3n legal.<\/p>\n\n\n\n<p>En caso de conflicto entre este Aviso de Privacidad y cualquier ordenanza del Condado u otra ley que rija la divulgaci\u00f3n de registros del Condado, prevalecer\u00e1 la ordenanza del Condado u otra ley aplicable.<\/p>\n\n\n\n<h2 class=\"wp-block-heading\" id=\"h-access-and-correction-of-personal-information\" data-toc=\"true\">Acceso y correcci\u00f3n de informaci\u00f3n personal<\/h2>\n\n\n\n<p>Puede revisar cualquier informaci\u00f3n personal que recopilemos sobre usted. Puede recomendar cambios en la informaci\u00f3n personal que considere err\u00f3nea presentando una solicitud por escrito que demuestre fehacientemente el error. Si cree que su informaci\u00f3n personal se est\u00e1 utilizando para un fin distinto al previsto al momento de su env\u00edo, puede contactarnos. En cualquier caso, tomaremos las medidas razonables para verificar su identidad antes de conceder acceso o realizar correcciones. Consulte la secci\u00f3n &quot;Informaci\u00f3n de contacto&quot;.<\/p>\n\n\n\n<h2 class=\"wp-block-heading\" id=\"h-cookies\" data-toc=\"true\">Galletas<\/h2>\n\n\n\n<h3 class=\"wp-block-heading\" id=\"h-what-is-a-cookie\"><strong>\u00bfQu\u00e9 es una galleta?<\/strong><\/h3>\n\n\n\n<p>Una cookie es un peque\u00f1o archivo de datos que puede incluir un identificador \u00fanico an\u00f3nimo que se env\u00eda a su navegador desde los ordenadores de un sitio web y puede utilizarse solo durante su sesi\u00f3n (cookie de sesi\u00f3n) o almacenarse en el disco duro de su ordenador (cookie persistente). Las cookies pueden contener datos sobre la actividad del usuario durante su visita al sitio web. Si su navegador permite las cookies, un sitio web puede enviarle su propia cookie.<\/p>\n\n\n\n<h3 class=\"wp-block-heading\" id=\"h-why-are-cookies-used-on-websites\"><strong>\u00bfPor qu\u00e9 se utilizan las cookies en los sitios web?<\/strong><\/h3>\n\n\n\n<p>Las cookies son un mecanismo para mantener la continuidad durante la visita de un usuario a un sitio web. Permiten que se conserven datos para beneficio de los usuarios mientras navegan por un sitio. Esto se conoce como cookies de &quot;sesi\u00f3n&quot; o &quot;administraci\u00f3n&quot;. Estas cookies desaparecen al finalizar su visita al sitio web, ya que se mantienen \u00fanicamente en la memoria activa de su navegador durante su sesi\u00f3n. Las cookies tambi\u00e9n pueden almacenarse en su ordenador para que un sitio web pueda reconocerle en visitas posteriores. El sitio web que las envi\u00f3 las lee cada vez que vuelve a visitarlo. Se utilizan a menudo en sitios web que requieren que inicie sesi\u00f3n para evitar tener que introducir toda su informaci\u00f3n de inicio de sesi\u00f3n en cada visita. Pueden almacenar informaci\u00f3n sobre su identificador \u00fanico y las \u00e1reas del sitio web que ha visitado anteriormente. Estas cookies se almacenan en el disco duro de su ordenador despu\u00e9s de que haya abandonado su visita al sitio web y, por lo tanto, a menudo se denominan cookies &quot;persistentes&quot;.<\/p>\n\n\n\n<h3 class=\"wp-block-heading\" id=\"h-choices-about-cookies\"><strong>Opciones sobre cookies<\/strong><\/h3>\n\n\n\n<p>Puede configurar su navegador para que acepte todas las cookies, las rechace todas o le notifique cuando se env\u00eda una. (Cada navegador es diferente, as\u00ed que consulte el men\u00fa &quot;Ayuda&quot; de su navegador para saber c\u00f3mo cambiar sus preferencias de cookies).<\/p>\n\n\n\n<h3 class=\"wp-block-heading\" id=\"h-county-practices-regarding-cookies\"><strong>Pr\u00e1cticas del condado en relaci\u00f3n con las cookies<\/strong><\/h3>\n\n\n\n<p>Actualmente, el Condado utiliza cookies persistentes en algunas de sus aplicaciones web.<\/p>\n\n\n\n<h2 class=\"wp-block-heading\" id=\"h-security\" data-toc=\"true\">Seguridad<\/h2>\n\n\n\n<p>El Condado ha tomado varias medidas para salvaguardar la integridad de su infraestructura de telecomunicaciones e inform\u00e1tica. Se han integrado medidas de seguridad en el dise\u00f1o, la implementaci\u00f3n y las pr\u00e1cticas diarias de todo el entorno operativo como parte de su compromiso continuo con la gesti\u00f3n de riesgos.<\/p>\n\n\n\n<p>Nuestro programa de ciberseguridad se basa en los mismos est\u00e1ndares de seguridad que exigen los gobiernos federal y estatal de California, as\u00ed como la industria de pagos financieros. Las protecciones incluyen:<\/p>\n\n\n\n<ul class=\"wp-block-list\">\n<li>Desarrollo de pol\u00edticas, est\u00e1ndares, directrices y controles de seguridad de la informaci\u00f3n.<\/li>\n\n\n\n<li>Implementar contramedidas en capas agregadas que proporcionen una defensa integral de la ciberseguridad.<\/li>\n\n\n\n<li>Realizar evaluaciones de riesgos y vulnerabilidad e implementar medidas de mitigaci\u00f3n de riesgos.<\/li>\n\n\n\n<li>Promover la informaci\u00f3n a los empleados y la formaci\u00f3n en concienciaci\u00f3n sobre ciberseguridad.<\/li>\n\n\n\n<li>Proporcionar protecci\u00f3n proactiva contra amenazas, monitoreo de actividad maliciosa y gesti\u00f3n de incidentes.<\/li>\n\n\n\n<li>Mantener el cumplimiento de los estatutos y regulaciones federales y estatales.<\/li>\n<\/ul>\n\n\n\n<p>Para obtener informaci\u00f3n sobre lo que puede hacer para protegerse y proteger a su familia de ser v\u00edctima de un delito cibern\u00e9tico, el sitio web US-CERT.GOV tiene numerosos consejos y publicaciones sobre temas como&nbsp;<em>C\u00f3mo mantener a los ni\u00f1os seguros en l\u00ednea, Banca segura en l\u00ednea, Compras seguras en l\u00ednea, C\u00f3mo evitar los riesgos de los juegos en l\u00ednea, Uso de dispositivos port\u00e1tiles, Redes sociales seguras, C\u00f3mo proteger su computadora y redes dom\u00e9sticas<\/em>&nbsp;y muchos otros.<\/p>\n\n\n\n<p>&nbsp; &nbsp;&nbsp;<a href=\"https:\/\/www.us-cert.gov\/security-publications\" target=\"_blank\" rel=\"noreferrer noopener\">US-CERT.GOV\/PUBLICACIONES<\/a><\/p>\n\n\n\n<p>&nbsp; &nbsp;&nbsp;<a href=\"https:\/\/www.us-cert.gov\/ncas\/tips\" target=\"_blank\" rel=\"noreferrer noopener\">US-CERT.GOV\/NCAS\/TIPS<\/a><\/p>\n\n\n\n<p>Esta informaci\u00f3n no debe interpretarse como asesoramiento comercial, legal ni de ning\u00fan otro tipo. Tampoco debe interpretarse como una garant\u00eda de seguridad infalible de la informaci\u00f3n proporcionada a trav\u00e9s de los sitios web del Condado.<\/p>\n\n\n\n<h2 class=\"wp-block-heading\" id=\"h-disclaimer\" data-toc=\"true\">Descargo de responsabilidad<\/h2>\n\n\n\n<p>El Condado de San Diego tiene enlaces a otros sitios web. Estos pueden incluir enlaces a sitios web operados por otras agencias gubernamentales, organizaciones sin fines de lucro y empresas privadas. Al acceder a otro sitio, ya no estar\u00e1 en el sitio web del Condado y esta Pol\u00edtica de Privacidad no se aplicar\u00e1. Al acceder a otro sitio web, estar\u00e1 sujeto a la pol\u00edtica de privacidad de ese nuevo sitio.<\/p>\n\n\n\n<h2 class=\"wp-block-heading\" id=\"h-website-contact-information\" data-toc=\"true\">Informaci\u00f3n de contacto del sitio web<\/h2>\n\n\n\n<p>Para hacer comentarios sobre los sitios web del condado de San Diego o sobre la informaci\u00f3n presentada en esta Pol\u00edtica de privacidad, env\u00edenos un correo electr\u00f3nico a:&nbsp;<a href=\"mailto:Webmaster@sdcounty.ca.gov\"><strong>Webmaster@sdcounty.ca.gov<\/strong><\/a>.<\/p>","protected":false},"excerpt":{"rendered":"<p>Information we may collect and how it may be used If you do nothing during your visit to the County website but browse or download information, we may automatically collect and store the following information about your visit: The information we collect or store may be used to improve the content of our Web services [&#8230;]<\/p>\n<p><a class=\"btn btn-secondary understrap-read-more-link\" href=\"https:\/\/www.sandiegocounty.gov\/es\/security-and-privacy-policies\/\">Read More&#8230;<span class=\"screen-reader-text\"> from Security and privacy policies<\/span><\/a><\/p>\n","protected":false},"author":19,"featured_media":0,"parent":0,"menu_order":0,"comment_status":"closed","ping_status":"closed","template":"page-templates\/about.php","meta":{"_acf_changed":false,"footnotes":""},"departments":[],"class_list":["post-4542","page","type-page","status-publish","hentry"],"acf":[],"yoast_head":"<!-- This site is optimized with the Yoast SEO Premium plugin v27.2 (Yoast SEO v27.2) - https:\/\/yoast.com\/product\/yoast-seo-premium-wordpress\/ -->\n<title>Security and privacy policies - County of San Diego<\/title>\n<meta name=\"robots\" content=\"index, follow, max-snippet:-1, max-image-preview:large, max-video-preview:-1\" \/>\n<link rel=\"canonical\" href=\"https:\/\/www.sandiegocounty.gov\/es\/politicas-de-seguridad-y-privacidad\/\" \/>\n<meta property=\"og:locale\" content=\"es_MX\" \/>\n<meta property=\"og:type\" content=\"article\" \/>\n<meta property=\"og:title\" content=\"Security and privacy policies\" \/>\n<meta property=\"og:description\" content=\"Information we may collect and how it may be used If you do nothing during your visit to the County website but browse or download information, we may automatically collect and store the following information about your visit: The information we collect or store may be used to improve the content of our Web services [...]Read More... from Security and privacy policies\" \/>\n<meta property=\"og:url\" content=\"https:\/\/www.sandiegocounty.gov\/es\/politicas-de-seguridad-y-privacidad\/\" \/>\n<meta property=\"og:site_name\" content=\"County of San Diego\" \/>\n<meta property=\"article:publisher\" content=\"https:\/\/www.facebook.com\/sandiegocounty\" \/>\n<meta property=\"article:modified_time\" content=\"2026-04-16T14:26:51+00:00\" \/>\n<meta property=\"og:image\" content=\"https:\/\/www.sandiegocounty.gov\/uploads\/2025\/10\/County-logo-OpenGraph-1200x630-1.png\" \/>\n\t<meta property=\"og:image:width\" content=\"1200\" \/>\n\t<meta property=\"og:image:height\" content=\"630\" \/>\n\t<meta property=\"og:image:type\" content=\"image\/png\" \/>\n<meta name=\"twitter:card\" content=\"summary_large_image\" \/>\n<meta name=\"twitter:site\" content=\"@SanDiegoCounty\" \/>\n<meta name=\"twitter:label1\" content=\"Est. reading time\" \/>\n\t<meta name=\"twitter:data1\" content=\"6 minutes\" \/>\n<script type=\"application\/ld+json\" class=\"yoast-schema-graph\">{\"@context\":\"https:\/\/schema.org\",\"@graph\":[{\"@type\":\"WebPage\",\"@id\":\"https:\/\/www.sandiegocounty.gov\/security-and-privacy-policies\/\",\"url\":\"https:\/\/www.sandiegocounty.gov\/security-and-privacy-policies\/\",\"name\":\"Security and privacy policies - County of San Diego\",\"isPartOf\":{\"@id\":\"https:\/\/www.sandiegocounty.gov\/#website\"},\"datePublished\":\"2025-09-18T01:22:29+00:00\",\"dateModified\":\"2026-04-16T14:26:51+00:00\",\"breadcrumb\":{\"@id\":\"https:\/\/www.sandiegocounty.gov\/security-and-privacy-policies\/#breadcrumb\"},\"inLanguage\":\"es-MX\",\"potentialAction\":[{\"@type\":\"ReadAction\",\"target\":[\"https:\/\/www.sandiegocounty.gov\/security-and-privacy-policies\/\"]}]},{\"@type\":\"BreadcrumbList\",\"@id\":\"https:\/\/www.sandiegocounty.gov\/security-and-privacy-policies\/#breadcrumb\",\"itemListElement\":[{\"@type\":\"ListItem\",\"position\":1,\"name\":\"Home\",\"item\":\"https:\/\/www.sandiegocounty.gov\/\"},{\"@type\":\"ListItem\",\"position\":2,\"name\":\"Security and privacy policies\"}]},{\"@type\":\"WebSite\",\"@id\":\"https:\/\/www.sandiegocounty.gov\/#website\",\"url\":\"https:\/\/www.sandiegocounty.gov\/\",\"name\":\"County of San Diego\",\"description\":\"\",\"publisher\":{\"@id\":\"https:\/\/www.sandiegocounty.gov\/#organization\"},\"alternateName\":\"SanDiegoCounty.gov\",\"potentialAction\":[{\"@type\":\"SearchAction\",\"target\":{\"@type\":\"EntryPoint\",\"urlTemplate\":\"https:\/\/www.sandiegocounty.gov\/?s={search_term_string}\"},\"query-input\":{\"@type\":\"PropertyValueSpecification\",\"valueRequired\":true,\"valueName\":\"search_term_string\"}}],\"inLanguage\":\"es-MX\"},{\"@type\":\"Organization\",\"@id\":\"https:\/\/www.sandiegocounty.gov\/#organization\",\"name\":\"County of San Diego\",\"url\":\"https:\/\/www.sandiegocounty.gov\/\",\"logo\":{\"@type\":\"ImageObject\",\"inLanguage\":\"es-MX\",\"@id\":\"https:\/\/www.sandiegocounty.gov\/#\/schema\/logo\/image\/\",\"url\":\"https:\/\/www.sandiegocounty.gov\/uploads\/2024\/07\/CoSD-Logo-cropped.png\",\"contentUrl\":\"https:\/\/www.sandiegocounty.gov\/uploads\/2024\/07\/CoSD-Logo-cropped.png\",\"width\":150,\"height\":150,\"caption\":\"County of San Diego\"},\"image\":{\"@id\":\"https:\/\/www.sandiegocounty.gov\/#\/schema\/logo\/image\/\"},\"sameAs\":[\"https:\/\/www.facebook.com\/sandiegocounty\",\"https:\/\/x.com\/SanDiegoCounty\",\"https:\/\/www.youtube.com\/countysandiego\",\"https:\/\/www.instagram.com\/countyofsandiego\/\"],\"description\":\"The County provides a wide variety of health, public safety and community services to residents of the region's 18 cities and a large unincorporated area.\",\"telephone\":\"(858) 694-3900\",\"legalName\":\"County of San Diego\"}]}<\/script>\n<!-- \/ Yoast SEO Premium plugin. -->","yoast_head_json":{"title":"Pol\u00edticas de seguridad y privacidad - Condado de San Diego","robots":{"index":"index","follow":"follow","max-snippet":"max-snippet:-1","max-image-preview":"max-image-preview:large","max-video-preview":"max-video-preview:-1"},"canonical":"https:\/\/www.sandiegocounty.gov\/es\/politicas-de-seguridad-y-privacidad\/","og_locale":"es_MX","og_type":"article","og_title":"Security and privacy policies","og_description":"Information we may collect and how it may be used If you do nothing during your visit to the County website but browse or download information, we may automatically collect and store the following information about your visit: The information we collect or store may be used to improve the content of our Web services [...]Read More... from Security and privacy policies","og_url":"https:\/\/www.sandiegocounty.gov\/es\/politicas-de-seguridad-y-privacidad\/","og_site_name":"County of San Diego","article_publisher":"https:\/\/www.facebook.com\/sandiegocounty","article_modified_time":"2026-04-16T14:26:51+00:00","og_image":[{"width":1200,"height":630,"url":"https:\/\/www.sandiegocounty.gov\/uploads\/2025\/10\/County-logo-OpenGraph-1200x630-1.png","type":"image\/png"}],"twitter_card":"summary_large_image","twitter_site":"@SanDiegoCounty","twitter_misc":{"Est. reading time":"6 minutes"},"schema":{"@context":"https:\/\/schema.org","@graph":[{"@type":"WebPage","@id":"https:\/\/www.sandiegocounty.gov\/security-and-privacy-policies\/","url":"https:\/\/www.sandiegocounty.gov\/security-and-privacy-policies\/","name":"Pol\u00edticas de seguridad y privacidad - Condado de San Diego","isPartOf":{"@id":"https:\/\/www.sandiegocounty.gov\/#website"},"datePublished":"2025-09-18T01:22:29+00:00","dateModified":"2026-04-16T14:26:51+00:00","breadcrumb":{"@id":"https:\/\/www.sandiegocounty.gov\/security-and-privacy-policies\/#breadcrumb"},"inLanguage":"es-MX","potentialAction":[{"@type":"ReadAction","target":["https:\/\/www.sandiegocounty.gov\/security-and-privacy-policies\/"]}]},{"@type":"BreadcrumbList","@id":"https:\/\/www.sandiegocounty.gov\/security-and-privacy-policies\/#breadcrumb","itemListElement":[{"@type":"ListItem","position":1,"name":"Home","item":"https:\/\/www.sandiegocounty.gov\/"},{"@type":"ListItem","position":2,"name":"Security and privacy policies"}]},{"@type":"WebSite","@id":"https:\/\/www.sandiegocounty.gov\/#website","url":"https:\/\/www.sandiegocounty.gov\/","name":"Condado de San Diego","description":"","publisher":{"@id":"https:\/\/www.sandiegocounty.gov\/#organization"},"alternateName":"SanDiegoCounty.gov","potentialAction":[{"@type":"SearchAction","target":{"@type":"EntryPoint","urlTemplate":"https:\/\/www.sandiegocounty.gov\/?s={search_term_string}"},"query-input":{"@type":"PropertyValueSpecification","valueRequired":true,"valueName":"search_term_string"}}],"inLanguage":"es-MX"},{"@type":"Organization","@id":"https:\/\/www.sandiegocounty.gov\/#organization","name":"Condado de San Diego","url":"https:\/\/www.sandiegocounty.gov\/","logo":{"@type":"ImageObject","inLanguage":"es-MX","@id":"https:\/\/www.sandiegocounty.gov\/#\/schema\/logo\/image\/","url":"https:\/\/www.sandiegocounty.gov\/uploads\/2024\/07\/CoSD-Logo-cropped.png","contentUrl":"https:\/\/www.sandiegocounty.gov\/uploads\/2024\/07\/CoSD-Logo-cropped.png","width":150,"height":150,"caption":"County of San Diego"},"image":{"@id":"https:\/\/www.sandiegocounty.gov\/#\/schema\/logo\/image\/"},"sameAs":["https:\/\/www.facebook.com\/sandiegocounty","https:\/\/x.com\/SanDiegoCounty","https:\/\/www.youtube.com\/countysandiego","https:\/\/www.instagram.com\/countyofsandiego\/"],"description":"El condado ofrece una amplia variedad de servicios de salud, seguridad p\u00fablica y comunitarios a los residentes de las 18 ciudades de la regi\u00f3n y una gran \u00e1rea no incorporada.","telephone":"(858) 694-3900","legalName":"County of San Diego"}]}},"_links":{"self":[{"href":"https:\/\/www.sandiegocounty.gov\/es\/wp-json\/wp\/v2\/pages\/4542","targetHints":{"allow":["GET"]}}],"collection":[{"href":"https:\/\/www.sandiegocounty.gov\/es\/wp-json\/wp\/v2\/pages"}],"about":[{"href":"https:\/\/www.sandiegocounty.gov\/es\/wp-json\/wp\/v2\/types\/page"}],"author":[{"embeddable":true,"href":"https:\/\/www.sandiegocounty.gov\/es\/wp-json\/wp\/v2\/users\/19"}],"replies":[{"embeddable":true,"href":"https:\/\/www.sandiegocounty.gov\/es\/wp-json\/wp\/v2\/comments?post=4542"}],"version-history":[{"count":5,"href":"https:\/\/www.sandiegocounty.gov\/es\/wp-json\/wp\/v2\/pages\/4542\/revisions"}],"predecessor-version":[{"id":6652,"href":"https:\/\/www.sandiegocounty.gov\/es\/wp-json\/wp\/v2\/pages\/4542\/revisions\/6652"}],"wp:attachment":[{"href":"https:\/\/www.sandiegocounty.gov\/es\/wp-json\/wp\/v2\/media?parent=4542"}],"wp:term":[{"taxonomy":"departments","embeddable":true,"href":"https:\/\/www.sandiegocounty.gov\/es\/wp-json\/wp\/v2\/departments?post=4542"}],"curies":[{"name":"gracias","href":"https:\/\/api.w.org\/{rel}","templated":true}]}}