{"id":6608,"date":"2026-04-15T14:41:52","date_gmt":"2026-04-15T21:41:52","guid":{"rendered":"https:\/\/www.sandiegocounty.gov\/?page_id=6608"},"modified":"2026-04-15T14:44:43","modified_gmt":"2026-04-15T21:44:43","slug":"estandares-de-experiencia-digital","status":"publish","type":"page","link":"https:\/\/www.sandiegocounty.gov\/es\/digital-experience-standards\/","title":{"rendered":"Est\u00e1ndares de experiencia digital"},"content":{"rendered":"<p>Para obtener m\u00e1s informaci\u00f3n, p\u00f3ngase en contacto con nosotros en\u00a0<a href=\"mailto:digital@sdcounty.ca.gov\">digital@sdcounty.ca.gov<\/a>.<\/p>\n\n\n\n<h2 class=\"wp-block-heading\" id=\"h-general-usability\" data-toc=\"true\">Usabilidad general<a href=\"https:\/\/www.sandiegocounty.gov\/content\/sdc\/cco\/branding.html\"><\/a><\/h2>\n\n\n\n<p>El contenido digital del condado debe seguir las mejores pr\u00e1cticas ampliamente reconocidas para satisfacer las necesidades de los usuarios. Muchas de estas pr\u00e1cticas coincidir\u00e1n con otros est\u00e1ndares. Entre ellas se incluyen:<\/p>\n\n\n\n<ul class=\"wp-block-list\">\n<li>Satisfacer las necesidades del usuario<\/li>\n\n\n\n<li>Tomar decisiones basadas en datos<\/li>\n\n\n\n<li>Estructura el contenido y hazlo escaneable.<\/li>\n\n\n\n<li>Prioriza la informaci\u00f3n y establece jerarqu\u00edas claras.<\/li>\n\n\n\n<li>Utilice p\u00e1ginas web en lugar de archivos PDF siempre que sea posible.<\/li>\n\n\n\n<li>Evite duplicar el contenido en otras p\u00e1ginas del condado.<\/li>\n<\/ul>\n\n\n\n<h2 class=\"wp-block-heading\" id=\"h-accessibility\" data-toc=\"true\">Accesibilidad<\/h2>\n\n\n\n<p>Los servicios en l\u00ednea del condado deben ser accesibles para las personas con discapacidades. El condado se compromete a que sus p\u00e1ginas web cumplan con los requisitos.&nbsp;<a href=\"https:\/\/www.w3.org\/TR\/WCAG21\/\">Pautas de accesibilidad para el contenido web (WCAG) 2.1<\/a>. \u200b\u200b\u200b\u200b\u200b\u200b\u200b\u200b\u200b\u200b\u200b<\/p>\n\n\n\n<h2 class=\"wp-block-heading\" id=\"h-mobile\" data-toc=\"true\">M\u00f3vil<\/h2>\n\n\n\n<p>Los servicios en l\u00ednea del condado deben ser igualmente accesibles en todos los dispositivos.&nbsp;<\/p>\n\n\n\n<h2 class=\"wp-block-heading\" id=\"h-readability\" data-toc=\"true\">Legibilidad<\/h2>\n\n\n\n<p>El contenido en l\u00ednea del condado debe estar escrito para la audiencia m\u00e1s amplia posible. El material para el p\u00fablico general debe obtener una puntuaci\u00f3n de 60 o superior en la escala de legibilidad Flesch-Kincaid.<\/p>\n\n\n\n<h2 class=\"wp-block-heading\" id=\"h-search\" data-toc=\"true\">Buscar<\/h2>\n\n\n\n<p>El contenido digital del condado debe seguir pr\u00e1cticas que ayuden a los usuarios a descubrirlo a trav\u00e9s de los motores de b\u00fasqueda. Como m\u00ednimo, el contenido debe:<\/p>\n\n\n\n<ul class=\"wp-block-list\">\n<li>Incluir meta descripciones.<\/li>\n\n\n\n<li>Utilice encabezados con etiquetas y jerarqu\u00eda adecuadas.<\/li>\n\n\n\n<li>Utilice el lenguaje que el p\u00fablico suele usar al buscar el material.<\/li>\n\n\n\n<li>Mant\u00e9n el contenido actualizado.<\/li>\n\n\n\n<li>Mant\u00e9n el contenido centrado en la informaci\u00f3n que la gente busca.<\/li>\n<\/ul>\n\n\n\n<h2 class=\"wp-block-heading\" id=\"h-multilingual\" data-toc=\"true\">Pluriling\u00fce<\/h2>\n\n\n\n<p>El contenido digital del condado debe admitir la traducci\u00f3n a los idiomas umbral designados.<\/p>\n\n\n\n<h2 class=\"wp-block-heading\" id=\"h-branding\" data-toc=\"true\">Herrada<\/h2>\n\n\n\n<p>Los sitios web y p\u00e1ginas del condado deben usar las plantillas aprobadas y seguir&nbsp;<a href=\"https:\/\/www.sandiegocounty.gov\/content\/sdc\/cco\/branding.html\">directrices del logotipo<\/a>.<\/p>\n\n\n\n<h2 class=\"wp-block-heading\" id=\"h-performance\" data-toc=\"true\">Actuaci\u00f3n<\/h2>\n\n\n\n<p>Las p\u00e1ginas web del condado deben minimizar la velocidad de carga para que funcionen correctamente en una variedad de dispositivos y con diferentes niveles de conectividad. Actualmente no contamos con una medida espec\u00edfica para lograrlo, pero hay algunos aspectos a considerar:<\/p>\n\n\n\n<ul class=\"wp-block-list\">\n<li>Optimizar para conexiones de bajo ancho de banda.<\/li>\n\n\n\n<li>Cach\u00e9 para la entrega de contenido<\/li>\n\n\n\n<li>Comprime las im\u00e1genes y los archivos. Eval\u00faa si son necesarios.&nbsp;<\/li>\n<\/ul>","protected":false},"excerpt":{"rendered":"<p>San Diego County digital experience standards help to improve the experience of people who use our website and other digital services. [&#8230;]<\/p>\n<p><a class=\"btn btn-secondary understrap-read-more-link\" href=\"https:\/\/www.sandiegocounty.gov\/es\/digital-experience-standards\/\">Read More&#8230;<span class=\"screen-reader-text\"> from Digital Experience Standards<\/span><\/a><\/p>\n","protected":false},"author":19,"featured_media":0,"parent":0,"menu_order":0,"comment_status":"closed","ping_status":"closed","template":"page-templates\/about.php","meta":{"_acf_changed":false,"footnotes":""},"departments":[28],"class_list":["post-6608","page","type-page","status-publish","hentry","departments-technology-office"],"acf":[],"yoast_head":"<!-- This site is optimized with the Yoast SEO Premium plugin v27.3 (Yoast SEO v27.3) - https:\/\/yoast.com\/product\/yoast-seo-premium-wordpress\/ -->\n<title>Digital Experience Standards - County of San Diego<\/title>\n<meta name=\"robots\" content=\"index, follow, max-snippet:-1, max-image-preview:large, max-video-preview:-1\" \/>\n<link rel=\"canonical\" href=\"https:\/\/www.sandiegocounty.gov\/es\/estandares-de-experiencia-digital\/\" \/>\n<meta property=\"og:locale\" content=\"es_MX\" \/>\n<meta property=\"og:type\" content=\"article\" \/>\n<meta property=\"og:title\" content=\"Digital Experience Standards\" \/>\n<meta property=\"og:description\" content=\"San Diego County digital experience standards help to improve the experience of people who use our website and other digital services. [...]Read More... from Digital Experience Standards\" \/>\n<meta property=\"og:url\" content=\"https:\/\/www.sandiegocounty.gov\/es\/estandares-de-experiencia-digital\/\" \/>\n<meta property=\"og:site_name\" content=\"County of San Diego\" \/>\n<meta property=\"article:publisher\" content=\"https:\/\/www.facebook.com\/sandiegocounty\" \/>\n<meta property=\"article:modified_time\" content=\"2026-04-15T21:44:43+00:00\" \/>\n<meta property=\"og:image\" content=\"https:\/\/www.sandiegocounty.gov\/uploads\/2025\/10\/County-logo-OpenGraph-1200x630-1.png\" \/>\n\t<meta property=\"og:image:width\" content=\"1200\" \/>\n\t<meta property=\"og:image:height\" content=\"630\" \/>\n\t<meta property=\"og:image:type\" content=\"image\/png\" \/>\n<meta name=\"twitter:card\" content=\"summary_large_image\" \/>\n<meta name=\"twitter:site\" content=\"@SanDiegoCounty\" \/>\n<meta name=\"twitter:label1\" content=\"Est. reading time\" \/>\n\t<meta name=\"twitter:data1\" content=\"2 minutes\" \/>\n<script type=\"application\/ld+json\" class=\"yoast-schema-graph\">{\"@context\":\"https:\\\/\\\/schema.org\",\"@graph\":[{\"@type\":\"WebPage\",\"@id\":\"https:\\\/\\\/www.sandiegocounty.gov\\\/digital-experience-standards\\\/\",\"url\":\"https:\\\/\\\/www.sandiegocounty.gov\\\/digital-experience-standards\\\/\",\"name\":\"Digital Experience Standards - County of San Diego\",\"isPartOf\":{\"@id\":\"https:\\\/\\\/www.sandiegocounty.gov\\\/#website\"},\"datePublished\":\"2026-04-15T21:41:52+00:00\",\"dateModified\":\"2026-04-15T21:44:43+00:00\",\"breadcrumb\":{\"@id\":\"https:\\\/\\\/www.sandiegocounty.gov\\\/digital-experience-standards\\\/#breadcrumb\"},\"inLanguage\":\"es-MX\",\"potentialAction\":[{\"@type\":\"ReadAction\",\"target\":[\"https:\\\/\\\/www.sandiegocounty.gov\\\/digital-experience-standards\\\/\"]}]},{\"@type\":\"BreadcrumbList\",\"@id\":\"https:\\\/\\\/www.sandiegocounty.gov\\\/digital-experience-standards\\\/#breadcrumb\",\"itemListElement\":[{\"@type\":\"ListItem\",\"position\":1,\"name\":\"Home\",\"item\":\"https:\\\/\\\/www.sandiegocounty.gov\\\/\"},{\"@type\":\"ListItem\",\"position\":2,\"name\":\"Digital Experience Standards\"}]},{\"@type\":\"WebSite\",\"@id\":\"https:\\\/\\\/www.sandiegocounty.gov\\\/#website\",\"url\":\"https:\\\/\\\/www.sandiegocounty.gov\\\/\",\"name\":\"County of San Diego\",\"description\":\"\",\"publisher\":{\"@id\":\"https:\\\/\\\/www.sandiegocounty.gov\\\/#organization\"},\"alternateName\":\"SanDiegoCounty.gov\",\"potentialAction\":[{\"@type\":\"SearchAction\",\"target\":{\"@type\":\"EntryPoint\",\"urlTemplate\":\"https:\\\/\\\/www.sandiegocounty.gov\\\/?s={search_term_string}\"},\"query-input\":{\"@type\":\"PropertyValueSpecification\",\"valueRequired\":true,\"valueName\":\"search_term_string\"}}],\"inLanguage\":\"es-MX\"},{\"@type\":\"Organization\",\"@id\":\"https:\\\/\\\/www.sandiegocounty.gov\\\/#organization\",\"name\":\"County of San Diego\",\"url\":\"https:\\\/\\\/www.sandiegocounty.gov\\\/\",\"logo\":{\"@type\":\"ImageObject\",\"inLanguage\":\"es-MX\",\"@id\":\"https:\\\/\\\/www.sandiegocounty.gov\\\/#\\\/schema\\\/logo\\\/image\\\/\",\"url\":\"https:\\\/\\\/www.sandiegocounty.gov\\\/uploads\\\/2024\\\/07\\\/CoSD-Logo-cropped.png\",\"contentUrl\":\"https:\\\/\\\/www.sandiegocounty.gov\\\/uploads\\\/2024\\\/07\\\/CoSD-Logo-cropped.png\",\"width\":150,\"height\":150,\"caption\":\"County of San Diego\"},\"image\":{\"@id\":\"https:\\\/\\\/www.sandiegocounty.gov\\\/#\\\/schema\\\/logo\\\/image\\\/\"},\"sameAs\":[\"https:\\\/\\\/www.facebook.com\\\/sandiegocounty\",\"https:\\\/\\\/x.com\\\/SanDiegoCounty\",\"https:\\\/\\\/www.youtube.com\\\/countysandiego\",\"https:\\\/\\\/www.instagram.com\\\/countyofsandiego\\\/\"],\"description\":\"The County provides a wide variety of health, public safety and community services to residents of the region's 18 cities and a large unincorporated area.\",\"telephone\":\"(858) 694-3900\",\"legalName\":\"County of San Diego\"}]}<\/script>\n<!-- \/ Yoast SEO Premium plugin. -->","yoast_head_json":{"title":"Est\u00e1ndares de experiencia digital - Condado de San Diego","robots":{"index":"index","follow":"follow","max-snippet":"max-snippet:-1","max-image-preview":"max-image-preview:large","max-video-preview":"max-video-preview:-1"},"canonical":"https:\/\/www.sandiegocounty.gov\/es\/estandares-de-experiencia-digital\/","og_locale":"es_MX","og_type":"article","og_title":"Digital Experience Standards","og_description":"San Diego County digital experience standards help to improve the experience of people who use our website and other digital services. [...]Read More... from Digital Experience Standards","og_url":"https:\/\/www.sandiegocounty.gov\/es\/estandares-de-experiencia-digital\/","og_site_name":"County of San Diego","article_publisher":"https:\/\/www.facebook.com\/sandiegocounty","article_modified_time":"2026-04-15T21:44:43+00:00","og_image":[{"width":1200,"height":630,"url":"https:\/\/www.sandiegocounty.gov\/uploads\/2025\/10\/County-logo-OpenGraph-1200x630-1.png","type":"image\/png"}],"twitter_card":"summary_large_image","twitter_site":"@SanDiegoCounty","twitter_misc":{"Est. reading time":"2 minutes"},"schema":{"@context":"https:\/\/schema.org","@graph":[{"@type":"WebPage","@id":"https:\/\/www.sandiegocounty.gov\/digital-experience-standards\/","url":"https:\/\/www.sandiegocounty.gov\/digital-experience-standards\/","name":"Est\u00e1ndares de experiencia digital - Condado de San Diego","isPartOf":{"@id":"https:\/\/www.sandiegocounty.gov\/#website"},"datePublished":"2026-04-15T21:41:52+00:00","dateModified":"2026-04-15T21:44:43+00:00","breadcrumb":{"@id":"https:\/\/www.sandiegocounty.gov\/digital-experience-standards\/#breadcrumb"},"inLanguage":"es-MX","potentialAction":[{"@type":"ReadAction","target":["https:\/\/www.sandiegocounty.gov\/digital-experience-standards\/"]}]},{"@type":"BreadcrumbList","@id":"https:\/\/www.sandiegocounty.gov\/digital-experience-standards\/#breadcrumb","itemListElement":[{"@type":"ListItem","position":1,"name":"Home","item":"https:\/\/www.sandiegocounty.gov\/"},{"@type":"ListItem","position":2,"name":"Digital Experience Standards"}]},{"@type":"WebSite","@id":"https:\/\/www.sandiegocounty.gov\/#website","url":"https:\/\/www.sandiegocounty.gov\/","name":"Condado de San Diego","description":"","publisher":{"@id":"https:\/\/www.sandiegocounty.gov\/#organization"},"alternateName":"SanDiegoCounty.gov","potentialAction":[{"@type":"SearchAction","target":{"@type":"EntryPoint","urlTemplate":"https:\/\/www.sandiegocounty.gov\/?s={search_term_string}"},"query-input":{"@type":"PropertyValueSpecification","valueRequired":true,"valueName":"search_term_string"}}],"inLanguage":"es-MX"},{"@type":"Organization","@id":"https:\/\/www.sandiegocounty.gov\/#organization","name":"Condado de San Diego","url":"https:\/\/www.sandiegocounty.gov\/","logo":{"@type":"ImageObject","inLanguage":"es-MX","@id":"https:\/\/www.sandiegocounty.gov\/#\/schema\/logo\/image\/","url":"https:\/\/www.sandiegocounty.gov\/uploads\/2024\/07\/CoSD-Logo-cropped.png","contentUrl":"https:\/\/www.sandiegocounty.gov\/uploads\/2024\/07\/CoSD-Logo-cropped.png","width":150,"height":150,"caption":"County of San Diego"},"image":{"@id":"https:\/\/www.sandiegocounty.gov\/#\/schema\/logo\/image\/"},"sameAs":["https:\/\/www.facebook.com\/sandiegocounty","https:\/\/x.com\/SanDiegoCounty","https:\/\/www.youtube.com\/countysandiego","https:\/\/www.instagram.com\/countyofsandiego\/"],"description":"El condado ofrece una amplia variedad de servicios de salud, seguridad p\u00fablica y comunitarios a los residentes de las 18 ciudades de la regi\u00f3n y una gran \u00e1rea no incorporada.","telephone":"(858) 694-3900","legalName":"County of San Diego"}]}},"_links":{"self":[{"href":"https:\/\/www.sandiegocounty.gov\/es\/wp-json\/wp\/v2\/pages\/6608","targetHints":{"allow":["GET"]}}],"collection":[{"href":"https:\/\/www.sandiegocounty.gov\/es\/wp-json\/wp\/v2\/pages"}],"about":[{"href":"https:\/\/www.sandiegocounty.gov\/es\/wp-json\/wp\/v2\/types\/page"}],"author":[{"embeddable":true,"href":"https:\/\/www.sandiegocounty.gov\/es\/wp-json\/wp\/v2\/users\/19"}],"replies":[{"embeddable":true,"href":"https:\/\/www.sandiegocounty.gov\/es\/wp-json\/wp\/v2\/comments?post=6608"}],"version-history":[{"count":4,"href":"https:\/\/www.sandiegocounty.gov\/es\/wp-json\/wp\/v2\/pages\/6608\/revisions"}],"predecessor-version":[{"id":6615,"href":"https:\/\/www.sandiegocounty.gov\/es\/wp-json\/wp\/v2\/pages\/6608\/revisions\/6615"}],"wp:attachment":[{"href":"https:\/\/www.sandiegocounty.gov\/es\/wp-json\/wp\/v2\/media?parent=6608"}],"wp:term":[{"taxonomy":"departments","embeddable":true,"href":"https:\/\/www.sandiegocounty.gov\/es\/wp-json\/wp\/v2\/departments?post=6608"}],"curies":[{"name":"gracias","href":"https:\/\/api.w.org\/{rel}","templated":true}]}}