{"id":3552,"date":"2025-10-30T09:21:19","date_gmt":"2025-10-30T16:21:19","guid":{"rendered":"https:\/\/staging.sandiegocounty.gov\/?page_id=3552"},"modified":"2026-03-16T16:33:04","modified_gmt":"2026-03-16T23:33:04","slug":"kha-nang-tiep-can","status":"publish","type":"page","link":"https:\/\/www.sandiegocounty.gov\/vi\/accessibility\/","title":{"rendered":"Kh\u1ea3 n\u0103ng truy c\u1eadp trang web"},"content":{"rendered":"<div style=\"height:22px\" aria-hidden=\"true\" class=\"wp-block-spacer\"><\/div>\n\n\n\n<p>Qu\u1eadn San Diego cam k\u1ebft <a>\u0111\u1ebfn cu\u1ed9c h\u1ecdp tr\u00ean trang web c\u1ee7a n\u00f3 <\/a><a href=\"https:\/\/www.w3.org\/TR\/WCAG21\/\">H\u01b0\u1edbng d\u1eabn v\u1ec1 kh\u1ea3 n\u0103ng truy c\u1eadp n\u1ed9i dung web 2.1<\/a><a> C\u1ea5p \u0111\u1ed9 AA<\/a>. \u0110i\u1ec1u n\u00e0y ph\u00f9 h\u1ee3p v\u1edbi quy \u0111\u1ecbnh c\u1ee7a B\u1ed9 T\u01b0 ph\u00e1p c\u1eadp nh\u1eadt \u0110i\u1ec1u II c\u1ee7a \u0110\u1ea1o lu\u1eadt Ng\u01b0\u1eddi khuy\u1ebft t\u1eadt Hoa K\u1ef3 (ADA). B\u1ea3n c\u1eadp nh\u1eadt y\u00eau c\u1ea7u c\u00e1c ch\u00ednh quy\u1ec1n \u0111\u1ecba ph\u01b0\u01a1ng ph\u1ea3i \u0111\u1ea3m b\u1ea3o n\u1ed9i dung trang web v\u00e0 \u1ee9ng d\u1ee5ng di \u0111\u1ed9ng c\u1ee7a h\u1ecd d\u1ec5 ti\u1ebfp c\u1eadn.<\/p>\n\n\n\n<p>Trang web c\u1ed1t l\u00f5i c\u1ee7a Qu\u1eadn \u0111\u01b0\u1ee3c thi\u1ebft k\u1ebf \u0111\u1ec3 ho\u1ea1t \u0111\u1ed9ng v\u1edbi c\u00f4ng ngh\u1ec7 h\u1ed7 tr\u1ee3 v\u00e0 tu\u00e2n th\u1ee7 c\u00e1c h\u01b0\u1edbng d\u1eabn v\u1ec1 kh\u1ea3 n\u0103ng \u0111\u1ecdc, \u0111\u1ed9 t\u01b0\u01a1ng ph\u1ea3n v\u00e0 c\u00e1c kh\u00eda c\u1ea1nh kh\u00e1c c\u1ee7a m\u00e0n h\u00ecnh hi\u1ec3n th\u1ecb d\u1ec5 ti\u1ebfp c\u1eadn. Ch\u00fang t\u00f4i \u0111ang ti\u1ebfp t\u1ee5c xem x\u00e9t n\u1ed9i dung v\u00e0 d\u1ecbch v\u1ee5 c\u0169 do b\u00ean th\u1ee9 ba cung c\u1ea5p \u0111\u1ec3 \u0111\u1ea3m b\u1ea3o ch\u00fang \u0111\u00e1p \u1ee9ng c\u00e1c h\u01b0\u1edbng d\u1eabn hi\u1ec7n h\u00e0nh.<\/p>\n\n\n\n<h2 class=\"wp-block-heading\" id=\"h-report-website-issues\">B\u00e1o c\u00e1o s\u1ef1 c\u1ed1 trang web<\/h2>\n\n\n\n<p>N\u1ebfu b\u1ea1n c\u00f3 v\u1ea5n \u0111\u1ec1 v\u1ec1 kh\u1ea3 n\u0103ng truy c\u1eadp tr\u00ean trang web, vui l\u00f2ng b\u00e1o c\u00e1o cho <a href=\"mailto:webmaster@sdcounty.ca.gov\">webmaster@sdcounty.ca.gov<\/a>. Bao g\u1ed3m:<\/p>\n\n\n\n<ul class=\"wp-block-list\">\n<li>M\u00f4 t\u1ea3 v\u1ec1 v\u1ea5n \u0111\u1ec1 kh\u1ea3 n\u0103ng truy c\u1eadp<\/li>\n\n\n\n<li>URL c\u1ee7a trang c\u00f3 v\u1ea5n \u0111\u1ec1<\/li>\n\n\n\n<li>Th\u00f4ng tin li\u00ean l\u1ea1c c\u1ee7a b\u1ea1n (email, s\u1ed1 \u0111i\u1ec7n tho\u1ea1i ho\u1eb7c \u0111\u1ecba ch\u1ec9), n\u1ebfu b\u1ea1n mu\u1ed1n ch\u00fang t\u00f4i tr\u1ea3 l\u1eddi<\/li>\n<\/ul>\n\n\n\n<h2 class=\"wp-block-heading\" id=\"h-get-more-information-or-file-a-complaint\">Nh\u1eadn th\u00eam th\u00f4ng tin ho\u1eb7c n\u1ed9p \u0111\u01a1n khi\u1ebfu n\u1ea1i<\/h2>\n\n\n\n<p>Gh\u00e9 th\u0103m V\u0103n ph\u00f2ng \u0110\u1ea1o \u0111\u1ee9c v\u00e0 Tu\u00e2n th\u1ee7 <a href=\"https:\/\/www.sandiegocounty.gov\/content\/sdc\/cao\/oec\/accessibility\/\">Trang nh\u1eadn th\u1ee9c v\u1ec1 kh\u1ea3 n\u0103ng truy c\u1eadp<\/a> \u0110\u1ebeN:<\/p>\n\n\n\n<ul class=\"wp-block-list\">\n<li>T\u00ecm hi\u1ec3u th\u00eam v\u1ec1 kh\u1ea3 n\u0103ng ti\u1ebfp c\u1eadn c\u00e1c d\u1ecbch v\u1ee5, ch\u01b0\u01a1ng tr\u00ecnh v\u00e0 ho\u1ea1t \u0111\u1ed9ng c\u1ee7a Qu\u1eadn<\/li>\n\n\n\n<li>N\u1ed9p \u0111\u01a1n khi\u1ebfu n\u1ea1i theo \u0110\u1ea1o lu\u1eadt Ng\u01b0\u1eddi khuy\u1ebft t\u1eadt Hoa K\u1ef3 (ADA)<\/li>\n<\/ul>\n\n\n\n<h2 class=\"wp-block-heading\" id=\"h-browser-tools\">C\u00f4ng c\u1ee5 tr\u00ecnh duy\u1ec7t<\/h2>\n\n\n\n<p>C\u00e1c tr\u00ecnh duy\u1ec7t v\u00e0 h\u1ec7 \u0111i\u1ec1u h\u00e0nh ph\u1ed5 bi\u1ebfn \u0111\u1ec1u c\u00f3 nhi\u1ec1u t\u00ednh n\u0103ng tr\u1ee3 n\u0103ng \u0111\u01b0\u1ee3c t\u00edch h\u1ee3p s\u1eb5n. Ch\u00fang s\u1ebd kh\u00e1c nhau t\u00f9y thu\u1ed9c v\u00e0o h\u1ec7 \u0111i\u1ec1u h\u00e0nh b\u1ea1n s\u1eed d\u1ee5ng. M\u1ed9t s\u1ed1 t\u00ednh n\u0103ng ph\u1ed5 bi\u1ebfn:<\/p>\n\n\n\n<ul class=\"wp-block-list\">\n<li><a href=\"https:\/\/belonging.google\/accessible-features\/\">Chrome v\u00e0 Android<\/a><\/li>\n\n\n\n<li><a href=\"https:\/\/support.apple.com\/accessibility\">Apple v\u00e0 Safari<\/a><\/li>\n\n\n\n<li><a href=\"https:\/\/support.microsoft.com\/en-us\/microsoft-edge\/accessibility-features-in-microsoft-edge-4c696192-338e-9465-b2cd-bd9b698ad19a#ID0EBBD=Windows&amp;id0ebbd=windows\">Microsoft Edge<\/a><\/li>\n\n\n\n<li><a href=\"https:\/\/support.mozilla.org\/en-US\/kb\/accessibility-features-firefox\">Tr\u00ecnh duy\u1ec7t Mozilla Firefox<\/a><\/li>\n<\/ul>\n\n\n\n<p><a id=\"_msocom_1\"><\/a><\/p>\n\n\n\n<p><\/p>","protected":false},"excerpt":{"rendered":"<p>The County of San Diego strives to have its website, apps, and other digital properties accessibile for persons with disabilities. [&#8230;]<\/p>\n<p><a class=\"btn btn-secondary understrap-read-more-link\" href=\"https:\/\/www.sandiegocounty.gov\/vi\/accessibility\/\">Read More&#8230;<span class=\"screen-reader-text\"> from Website accessibility<\/span><\/a><\/p>\n","protected":false},"author":19,"featured_media":0,"parent":0,"menu_order":0,"comment_status":"closed","ping_status":"closed","template":"page-templates\/about.php","meta":{"_acf_changed":false,"footnotes":""},"departments":[],"class_list":["post-3552","page","type-page","status-publish","hentry"],"acf":[],"yoast_head":"<!-- This site is optimized with the Yoast SEO Premium plugin v27.2 (Yoast SEO v27.2) - https:\/\/yoast.com\/product\/yoast-seo-premium-wordpress\/ -->\n<title>Website accessibility - County of San Diego<\/title>\n<meta name=\"robots\" content=\"index, follow, max-snippet:-1, max-image-preview:large, max-video-preview:-1\" \/>\n<link rel=\"canonical\" href=\"https:\/\/www.sandiegocounty.gov\/vi\/kha-nang-tiep-can\/\" \/>\n<meta property=\"og:locale\" content=\"vi_VN\" \/>\n<meta property=\"og:type\" content=\"article\" \/>\n<meta property=\"og:title\" content=\"Website accessibility\" \/>\n<meta property=\"og:description\" content=\"The County of San Diego strives to have its website, apps, and other digital properties accessibile for persons with disabilities. [...]Read More... from Website accessibility\" \/>\n<meta property=\"og:url\" content=\"https:\/\/www.sandiegocounty.gov\/vi\/kha-nang-tiep-can\/\" \/>\n<meta property=\"og:site_name\" content=\"County of San Diego\" \/>\n<meta property=\"article:publisher\" content=\"https:\/\/www.facebook.com\/sandiegocounty\" \/>\n<meta property=\"article:modified_time\" content=\"2026-03-16T23:33:04+00:00\" \/>\n<meta property=\"og:image\" content=\"https:\/\/www.sandiegocounty.gov\/uploads\/2025\/10\/County-logo-OpenGraph-1200x630-1.png\" \/>\n\t<meta property=\"og:image:width\" content=\"1200\" \/>\n\t<meta property=\"og:image:height\" content=\"630\" \/>\n\t<meta property=\"og:image:type\" content=\"image\/png\" \/>\n<meta name=\"twitter:card\" content=\"summary_large_image\" \/>\n<meta name=\"twitter:site\" content=\"@SanDiegoCounty\" \/>\n<meta name=\"twitter:label1\" content=\"Est. reading time\" \/>\n\t<meta name=\"twitter:data1\" content=\"1 minute\" \/>\n<script type=\"application\/ld+json\" class=\"yoast-schema-graph\">{\"@context\":\"https:\/\/schema.org\",\"@graph\":[{\"@type\":\"WebPage\",\"@id\":\"https:\/\/www.sandiegocounty.gov\/accessibility\/\",\"url\":\"https:\/\/www.sandiegocounty.gov\/accessibility\/\",\"name\":\"Website accessibility - County of San Diego\",\"isPartOf\":{\"@id\":\"https:\/\/www.sandiegocounty.gov\/#website\"},\"datePublished\":\"2025-10-30T16:21:19+00:00\",\"dateModified\":\"2026-03-16T23:33:04+00:00\",\"breadcrumb\":{\"@id\":\"https:\/\/www.sandiegocounty.gov\/accessibility\/#breadcrumb\"},\"inLanguage\":\"vi\",\"potentialAction\":[{\"@type\":\"ReadAction\",\"target\":[\"https:\/\/www.sandiegocounty.gov\/accessibility\/\"]}]},{\"@type\":\"BreadcrumbList\",\"@id\":\"https:\/\/www.sandiegocounty.gov\/accessibility\/#breadcrumb\",\"itemListElement\":[{\"@type\":\"ListItem\",\"position\":1,\"name\":\"Home\",\"item\":\"https:\/\/www.sandiegocounty.gov\/\"},{\"@type\":\"ListItem\",\"position\":2,\"name\":\"Website accessibility\"}]},{\"@type\":\"WebSite\",\"@id\":\"https:\/\/www.sandiegocounty.gov\/#website\",\"url\":\"https:\/\/www.sandiegocounty.gov\/\",\"name\":\"County of San Diego\",\"description\":\"\",\"publisher\":{\"@id\":\"https:\/\/www.sandiegocounty.gov\/#organization\"},\"alternateName\":\"SanDiegoCounty.gov\",\"potentialAction\":[{\"@type\":\"SearchAction\",\"target\":{\"@type\":\"EntryPoint\",\"urlTemplate\":\"https:\/\/www.sandiegocounty.gov\/?s={search_term_string}\"},\"query-input\":{\"@type\":\"PropertyValueSpecification\",\"valueRequired\":true,\"valueName\":\"search_term_string\"}}],\"inLanguage\":\"vi\"},{\"@type\":\"Organization\",\"@id\":\"https:\/\/www.sandiegocounty.gov\/#organization\",\"name\":\"County of San Diego\",\"url\":\"https:\/\/www.sandiegocounty.gov\/\",\"logo\":{\"@type\":\"ImageObject\",\"inLanguage\":\"vi\",\"@id\":\"https:\/\/www.sandiegocounty.gov\/#\/schema\/logo\/image\/\",\"url\":\"https:\/\/www.sandiegocounty.gov\/uploads\/2024\/07\/CoSD-Logo-cropped.png\",\"contentUrl\":\"https:\/\/www.sandiegocounty.gov\/uploads\/2024\/07\/CoSD-Logo-cropped.png\",\"width\":150,\"height\":150,\"caption\":\"County of San Diego\"},\"image\":{\"@id\":\"https:\/\/www.sandiegocounty.gov\/#\/schema\/logo\/image\/\"},\"sameAs\":[\"https:\/\/www.facebook.com\/sandiegocounty\",\"https:\/\/x.com\/SanDiegoCounty\",\"https:\/\/www.youtube.com\/countysandiego\",\"https:\/\/www.instagram.com\/countyofsandiego\/\"],\"description\":\"The County provides a wide variety of health, public safety and community services to residents of the region's 18 cities and a large unincorporated area.\",\"telephone\":\"(858) 694-3900\",\"legalName\":\"County of San Diego\"}]}<\/script>\n<!-- \/ Yoast SEO Premium plugin. -->","yoast_head_json":{"title":"Kh\u1ea3 n\u0103ng truy c\u1eadp trang web - Qu\u1eadn San Diego","robots":{"index":"index","follow":"follow","max-snippet":"max-snippet:-1","max-image-preview":"max-image-preview:large","max-video-preview":"max-video-preview:-1"},"canonical":"https:\/\/www.sandiegocounty.gov\/vi\/kha-nang-tiep-can\/","og_locale":"vi_VN","og_type":"article","og_title":"Website accessibility","og_description":"The County of San Diego strives to have its website, apps, and other digital properties accessibile for persons with disabilities. [...]Read More... from Website accessibility","og_url":"https:\/\/www.sandiegocounty.gov\/vi\/kha-nang-tiep-can\/","og_site_name":"County of San Diego","article_publisher":"https:\/\/www.facebook.com\/sandiegocounty","article_modified_time":"2026-03-16T23:33:04+00:00","og_image":[{"width":1200,"height":630,"url":"https:\/\/www.sandiegocounty.gov\/uploads\/2025\/10\/County-logo-OpenGraph-1200x630-1.png","type":"image\/png"}],"twitter_card":"summary_large_image","twitter_site":"@SanDiegoCounty","twitter_misc":{"Est. reading time":"1 minute"},"schema":{"@context":"https:\/\/schema.org","@graph":[{"@type":"WebPage","@id":"https:\/\/www.sandiegocounty.gov\/accessibility\/","url":"https:\/\/www.sandiegocounty.gov\/accessibility\/","name":"Kh\u1ea3 n\u0103ng truy c\u1eadp trang web - Qu\u1eadn San Diego","isPartOf":{"@id":"https:\/\/www.sandiegocounty.gov\/#website"},"datePublished":"2025-10-30T16:21:19+00:00","dateModified":"2026-03-16T23:33:04+00:00","breadcrumb":{"@id":"https:\/\/www.sandiegocounty.gov\/accessibility\/#breadcrumb"},"inLanguage":"vi","potentialAction":[{"@type":"ReadAction","target":["https:\/\/www.sandiegocounty.gov\/accessibility\/"]}]},{"@type":"BreadcrumbList","@id":"https:\/\/www.sandiegocounty.gov\/accessibility\/#breadcrumb","itemListElement":[{"@type":"ListItem","position":1,"name":"Home","item":"https:\/\/www.sandiegocounty.gov\/"},{"@type":"ListItem","position":2,"name":"Website accessibility"}]},{"@type":"WebSite","@id":"https:\/\/www.sandiegocounty.gov\/#website","url":"https:\/\/www.sandiegocounty.gov\/","name":"Qu\u1eadn San Diego","description":"","publisher":{"@id":"https:\/\/www.sandiegocounty.gov\/#organization"},"alternateName":"SanDiegoCounty.gov","potentialAction":[{"@type":"SearchAction","target":{"@type":"EntryPoint","urlTemplate":"https:\/\/www.sandiegocounty.gov\/?s={search_term_string}"},"query-input":{"@type":"PropertyValueSpecification","valueRequired":true,"valueName":"search_term_string"}}],"inLanguage":"vi"},{"@type":"Organization","@id":"https:\/\/www.sandiegocounty.gov\/#organization","name":"Qu\u1eadn San Diego","url":"https:\/\/www.sandiegocounty.gov\/","logo":{"@type":"ImageObject","inLanguage":"vi","@id":"https:\/\/www.sandiegocounty.gov\/#\/schema\/logo\/image\/","url":"https:\/\/www.sandiegocounty.gov\/uploads\/2024\/07\/CoSD-Logo-cropped.png","contentUrl":"https:\/\/www.sandiegocounty.gov\/uploads\/2024\/07\/CoSD-Logo-cropped.png","width":150,"height":150,"caption":"County of San Diego"},"image":{"@id":"https:\/\/www.sandiegocounty.gov\/#\/schema\/logo\/image\/"},"sameAs":["https:\/\/www.facebook.com\/sandiegocounty","https:\/\/x.com\/SanDiegoCounty","https:\/\/www.youtube.com\/countysandiego","https:\/\/www.instagram.com\/countyofsandiego\/"],"description":"Qu\u1eadn cung c\u1ea5p nhi\u1ec1u d\u1ecbch v\u1ee5 y t\u1ebf, an to\u00e0n c\u00f4ng c\u1ed9ng v\u00e0 c\u1ed9ng \u0111\u1ed3ng cho c\u01b0 d\u00e2n c\u1ee7a 18 th\u00e0nh ph\u1ed1 trong khu v\u1ef1c v\u00e0 m\u1ed9t khu v\u1ef1c r\u1ed9ng l\u1edbn ch\u01b0a h\u1ee3p nh\u1ea5t.","telephone":"(858) 694-3900","legalName":"County of San Diego"}]}},"_links":{"self":[{"href":"https:\/\/www.sandiegocounty.gov\/vi\/wp-json\/wp\/v2\/pages\/3552","targetHints":{"allow":["GET"]}}],"collection":[{"href":"https:\/\/www.sandiegocounty.gov\/vi\/wp-json\/wp\/v2\/pages"}],"about":[{"href":"https:\/\/www.sandiegocounty.gov\/vi\/wp-json\/wp\/v2\/types\/page"}],"author":[{"embeddable":true,"href":"https:\/\/www.sandiegocounty.gov\/vi\/wp-json\/wp\/v2\/users\/19"}],"replies":[{"embeddable":true,"href":"https:\/\/www.sandiegocounty.gov\/vi\/wp-json\/wp\/v2\/comments?post=3552"}],"version-history":[{"count":10,"href":"https:\/\/www.sandiegocounty.gov\/vi\/wp-json\/wp\/v2\/pages\/3552\/revisions"}],"predecessor-version":[{"id":6168,"href":"https:\/\/www.sandiegocounty.gov\/vi\/wp-json\/wp\/v2\/pages\/3552\/revisions\/6168"}],"wp:attachment":[{"href":"https:\/\/www.sandiegocounty.gov\/vi\/wp-json\/wp\/v2\/media?parent=3552"}],"wp:term":[{"taxonomy":"departments","embeddable":true,"href":"https:\/\/www.sandiegocounty.gov\/vi\/wp-json\/wp\/v2\/departments?post=3552"}],"curies":[{"name":"wp","href":"https:\/\/api.w.org\/{rel}","templated":true}]}}