{"id":5041,"date":"2025-10-28T16:51:57","date_gmt":"2025-10-28T23:51:57","guid":{"rendered":"https:\/\/beta.sandiegocounty.gov\/?page_id=5041"},"modified":"2025-10-28T16:58:17","modified_gmt":"2025-10-28T23:58:17","slug":"truy-cap-ngon-ngu","status":"publish","type":"page","link":"https:\/\/www.sandiegocounty.gov\/vi\/language-access\/","title":{"rendered":"Truy c\u1eadp ng\u00f4n ng\u1eef"},"content":{"rendered":"<h2 class=\"wp-block-heading\" id=\"h-website-translation\">D\u1ecbch thu\u1eadt trang web<\/h2>\n\n\n\n<p>Trang web c\u1ee7a ch\u00fang t\u00f4i s\u1eed d\u1ee5ng c\u00f4ng c\u1ee5 t\u1ef1 \u0111\u1ed9ng d\u1ecbch c\u00e1c trang sang c\u00e1c ng\u00f4n ng\u1eef kh\u00e1c ngo\u00e0i ti\u1ebfng Anh. C\u00f4ng c\u1ee5 d\u1ecbch t\u1ef1 \u0111\u1ed9ng n\u00e0y nh\u1eb1m t\u1ea1o s\u1ef1 thu\u1eadn ti\u1ec7n cho ng\u01b0\u1eddi truy c\u1eadp. Tuy nhi\u00ean, kh\u00f4ng c\u00f3 b\u1ea3n d\u1ecbch t\u1ef1 \u0111\u1ed9ng n\u00e0o l\u00e0 ho\u00e0n h\u1ea3o v\u00e0 kh\u00f4ng nh\u1eb1m m\u1ee5c \u0111\u00edch thay th\u1ebf b\u1ea3n d\u1ecbch c\u1ee7a con ng\u01b0\u1eddi. V\u0103n b\u1ea3n ch\u00ednh th\u1ee9c l\u00e0 phi\u00ean b\u1ea3n ti\u1ebfng Anh c\u1ee7a trang web. <\/p>\n\n\n\n<p>M\u1ed9t s\u1ed1 trang ho\u1eb7c m\u1ed9t ph\u1ea7n c\u1ee7a trang c\u00f3 th\u1ec3 s\u1eed d\u1ee5ng b\u1ea3n d\u1ecbch do con ng\u01b0\u1eddi th\u1ef1c hi\u1ec7n. <\/p>\n\n\n\n<h2 class=\"wp-block-heading\" id=\"h-phone-help\">H\u1ed7 tr\u1ee3 qua \u0111i\u1ec7n tho\u1ea1i<\/h2>\n\n\n\n<p>B\u1ea1n c\u00f3 th\u1ec3 t\u00ecm hi\u1ec3u th\u00f4ng tin v\u1ec1 nhi\u1ec1u d\u1ecbch v\u1ee5 c\u1ee7a Qu\u1eadn t\u1eeb... <a href=\"https:\/\/211sandiego.org\/\">211 San Diego<\/a>. H\u1ecd cung c\u1ea5p h\u1ed7 tr\u1ee3 b\u1eb1ng h\u01a1n 200 ng\u00f4n ng\u1eef, 24 gi\u1edd m\u1ed9t ng\u00e0y. <a href=\"tel:211\" data-no-translation=\"\" data-no-auto-translation=\"\">Call 211<\/a>.<\/p>\n\n\n\n<h2 class=\"wp-block-heading\" id=\"h-meeting-interpretation\">Phi\u00ean d\u1ecbch cu\u1ed9c h\u1ecdp<\/h2>\n\n\n\n<p>Nhi\u1ec1u cu\u1ed9c h\u1ecdp c\u00f4ng c\u1ed9ng cung c\u1ea5p phi\u00ean d\u1ecbch vi\u00ean. H\u00e3y ki\u1ec3m tra th\u00f4ng tin cu\u1ed9c h\u1ecdp v\u00e0 li\u00ean h\u1ec7 v\u1edbi b\u1ed9 ph\u1eadn ho\u1eb7c v\u0103n ph\u00f2ng t\u1ed5 ch\u1ee9c cu\u1ed9c h\u1ecdp \u0111\u1ec3 bi\u1ebft th\u00eam chi ti\u1ebft.<\/p>\n\n\n\n<p><\/p>","protected":false},"excerpt":{"rendered":"<p>Website translation Our website uses a tool to automatically translate pages into languages other than English. The automated translation tool is a convenience for visitors. No automated translation is perfect and is not intended to replace human translation. The official text is the English version of the website. Certain pages or parts of pages may [&#8230;]<\/p>\n<p><a class=\"btn btn-secondary understrap-read-more-link\" href=\"https:\/\/www.sandiegocounty.gov\/vi\/language-access\/\">Read More&#8230;<span class=\"screen-reader-text\"> from Language access<\/span><\/a><\/p>\n","protected":false},"author":5,"featured_media":0,"parent":0,"menu_order":0,"comment_status":"closed","ping_status":"closed","template":"page-templates\/about.php","meta":{"_acf_changed":false,"footnotes":""},"departments":[],"class_list":["post-5041","page","type-page","status-publish","hentry"],"acf":[],"yoast_head":"<!-- This site is optimized with the Yoast SEO Premium plugin v27.2 (Yoast SEO v27.2) - https:\/\/yoast.com\/product\/yoast-seo-premium-wordpress\/ -->\n<title>Language access - County of San Diego<\/title>\n<meta name=\"description\" content=\"Information about services to make County of San Diego information available in languages other than English.\" \/>\n<meta name=\"robots\" content=\"index, follow, max-snippet:-1, max-image-preview:large, max-video-preview:-1\" \/>\n<link rel=\"canonical\" href=\"https:\/\/www.sandiegocounty.gov\/vi\/truy-cap-ngon-ngu\/\" \/>\n<meta property=\"og:locale\" content=\"vi_VN\" \/>\n<meta property=\"og:type\" content=\"article\" \/>\n<meta property=\"og:title\" content=\"Language access\" \/>\n<meta property=\"og:description\" content=\"Information about services to make County of San Diego information available in languages other than English.\" \/>\n<meta property=\"og:url\" content=\"https:\/\/www.sandiegocounty.gov\/vi\/truy-cap-ngon-ngu\/\" \/>\n<meta property=\"og:site_name\" content=\"County of San Diego\" \/>\n<meta property=\"article:publisher\" content=\"https:\/\/www.facebook.com\/sandiegocounty\" \/>\n<meta property=\"article:modified_time\" content=\"2025-10-28T23:58:17+00:00\" \/>\n<meta property=\"og:image\" content=\"https:\/\/www.sandiegocounty.gov\/uploads\/2025\/10\/County-logo-OpenGraph-1200x630-1.png\" \/>\n\t<meta property=\"og:image:width\" content=\"1200\" \/>\n\t<meta property=\"og:image:height\" content=\"630\" \/>\n\t<meta property=\"og:image:type\" content=\"image\/png\" \/>\n<meta name=\"twitter:card\" content=\"summary_large_image\" \/>\n<meta name=\"twitter:site\" content=\"@SanDiegoCounty\" \/>\n<meta name=\"twitter:label1\" content=\"Est. reading time\" \/>\n\t<meta name=\"twitter:data1\" content=\"1 minute\" \/>\n<script type=\"application\/ld+json\" class=\"yoast-schema-graph\">{\"@context\":\"https:\/\/schema.org\",\"@graph\":[{\"@type\":\"WebPage\",\"@id\":\"https:\/\/www.sandiegocounty.gov\/language-access\/\",\"url\":\"https:\/\/www.sandiegocounty.gov\/language-access\/\",\"name\":\"Language access - County of San Diego\",\"isPartOf\":{\"@id\":\"https:\/\/www.sandiegocounty.gov\/#website\"},\"datePublished\":\"2025-10-28T23:51:57+00:00\",\"dateModified\":\"2025-10-28T23:58:17+00:00\",\"description\":\"Information about services to make County of San Diego information available in languages other than English.\",\"breadcrumb\":{\"@id\":\"https:\/\/www.sandiegocounty.gov\/language-access\/#breadcrumb\"},\"inLanguage\":\"vi\",\"potentialAction\":[{\"@type\":\"ReadAction\",\"target\":[\"https:\/\/www.sandiegocounty.gov\/language-access\/\"]}]},{\"@type\":\"BreadcrumbList\",\"@id\":\"https:\/\/www.sandiegocounty.gov\/language-access\/#breadcrumb\",\"itemListElement\":[{\"@type\":\"ListItem\",\"position\":1,\"name\":\"Home\",\"item\":\"https:\/\/www.sandiegocounty.gov\/\"},{\"@type\":\"ListItem\",\"position\":2,\"name\":\"Language access\"}]},{\"@type\":\"WebSite\",\"@id\":\"https:\/\/www.sandiegocounty.gov\/#website\",\"url\":\"https:\/\/www.sandiegocounty.gov\/\",\"name\":\"County of San Diego\",\"description\":\"\",\"publisher\":{\"@id\":\"https:\/\/www.sandiegocounty.gov\/#organization\"},\"alternateName\":\"SanDiegoCounty.gov\",\"potentialAction\":[{\"@type\":\"SearchAction\",\"target\":{\"@type\":\"EntryPoint\",\"urlTemplate\":\"https:\/\/www.sandiegocounty.gov\/?s={search_term_string}\"},\"query-input\":{\"@type\":\"PropertyValueSpecification\",\"valueRequired\":true,\"valueName\":\"search_term_string\"}}],\"inLanguage\":\"vi\"},{\"@type\":\"Organization\",\"@id\":\"https:\/\/www.sandiegocounty.gov\/#organization\",\"name\":\"County of San Diego\",\"url\":\"https:\/\/www.sandiegocounty.gov\/\",\"logo\":{\"@type\":\"ImageObject\",\"inLanguage\":\"vi\",\"@id\":\"https:\/\/www.sandiegocounty.gov\/#\/schema\/logo\/image\/\",\"url\":\"https:\/\/www.sandiegocounty.gov\/uploads\/2024\/07\/CoSD-Logo-cropped.png\",\"contentUrl\":\"https:\/\/www.sandiegocounty.gov\/uploads\/2024\/07\/CoSD-Logo-cropped.png\",\"width\":150,\"height\":150,\"caption\":\"County of San Diego\"},\"image\":{\"@id\":\"https:\/\/www.sandiegocounty.gov\/#\/schema\/logo\/image\/\"},\"sameAs\":[\"https:\/\/www.facebook.com\/sandiegocounty\",\"https:\/\/x.com\/SanDiegoCounty\",\"https:\/\/www.youtube.com\/countysandiego\",\"https:\/\/www.instagram.com\/countyofsandiego\/\"],\"description\":\"The County provides a wide variety of health, public safety and community services to residents of the region's 18 cities and a large unincorporated area.\",\"telephone\":\"(858) 694-3900\",\"legalName\":\"County of San Diego\"}]}<\/script>\n<!-- \/ Yoast SEO Premium plugin. -->","yoast_head_json":{"title":"H\u1ed7 tr\u1ee3 ng\u00f4n ng\u1eef - Qu\u1eadn San Diego","description":"Th\u00f4ng tin v\u1ec1 c\u00e1c d\u1ecbch v\u1ee5 gi\u00fap cung c\u1ea5p th\u00f4ng tin c\u1ee7a Qu\u1eadn San Diego b\u1eb1ng c\u00e1c ng\u00f4n ng\u1eef kh\u00e1c ngo\u00e0i ti\u1ebfng Anh.","robots":{"index":"index","follow":"follow","max-snippet":"max-snippet:-1","max-image-preview":"max-image-preview:large","max-video-preview":"max-video-preview:-1"},"canonical":"https:\/\/www.sandiegocounty.gov\/vi\/truy-cap-ngon-ngu\/","og_locale":"vi_VN","og_type":"article","og_title":"Language access","og_description":"Information about services to make County of San Diego information available in languages other than English.","og_url":"https:\/\/www.sandiegocounty.gov\/vi\/truy-cap-ngon-ngu\/","og_site_name":"County of San Diego","article_publisher":"https:\/\/www.facebook.com\/sandiegocounty","article_modified_time":"2025-10-28T23:58:17+00:00","og_image":[{"width":1200,"height":630,"url":"https:\/\/www.sandiegocounty.gov\/uploads\/2025\/10\/County-logo-OpenGraph-1200x630-1.png","type":"image\/png"}],"twitter_card":"summary_large_image","twitter_site":"@SanDiegoCounty","twitter_misc":{"Est. reading time":"1 minute"},"schema":{"@context":"https:\/\/schema.org","@graph":[{"@type":"WebPage","@id":"https:\/\/www.sandiegocounty.gov\/language-access\/","url":"https:\/\/www.sandiegocounty.gov\/language-access\/","name":"H\u1ed7 tr\u1ee3 ng\u00f4n ng\u1eef - Qu\u1eadn San Diego","isPartOf":{"@id":"https:\/\/www.sandiegocounty.gov\/#website"},"datePublished":"2025-10-28T23:51:57+00:00","dateModified":"2025-10-28T23:58:17+00:00","description":"Th\u00f4ng tin v\u1ec1 c\u00e1c d\u1ecbch v\u1ee5 gi\u00fap cung c\u1ea5p th\u00f4ng tin c\u1ee7a Qu\u1eadn San Diego b\u1eb1ng c\u00e1c ng\u00f4n ng\u1eef kh\u00e1c ngo\u00e0i ti\u1ebfng Anh.","breadcrumb":{"@id":"https:\/\/www.sandiegocounty.gov\/language-access\/#breadcrumb"},"inLanguage":"vi","potentialAction":[{"@type":"ReadAction","target":["https:\/\/www.sandiegocounty.gov\/language-access\/"]}]},{"@type":"BreadcrumbList","@id":"https:\/\/www.sandiegocounty.gov\/language-access\/#breadcrumb","itemListElement":[{"@type":"ListItem","position":1,"name":"Home","item":"https:\/\/www.sandiegocounty.gov\/"},{"@type":"ListItem","position":2,"name":"Language access"}]},{"@type":"WebSite","@id":"https:\/\/www.sandiegocounty.gov\/#website","url":"https:\/\/www.sandiegocounty.gov\/","name":"Qu\u1eadn San Diego","description":"","publisher":{"@id":"https:\/\/www.sandiegocounty.gov\/#organization"},"alternateName":"SanDiegoCounty.gov","potentialAction":[{"@type":"SearchAction","target":{"@type":"EntryPoint","urlTemplate":"https:\/\/www.sandiegocounty.gov\/?s={search_term_string}"},"query-input":{"@type":"PropertyValueSpecification","valueRequired":true,"valueName":"search_term_string"}}],"inLanguage":"vi"},{"@type":"Organization","@id":"https:\/\/www.sandiegocounty.gov\/#organization","name":"Qu\u1eadn San Diego","url":"https:\/\/www.sandiegocounty.gov\/","logo":{"@type":"ImageObject","inLanguage":"vi","@id":"https:\/\/www.sandiegocounty.gov\/#\/schema\/logo\/image\/","url":"https:\/\/www.sandiegocounty.gov\/uploads\/2024\/07\/CoSD-Logo-cropped.png","contentUrl":"https:\/\/www.sandiegocounty.gov\/uploads\/2024\/07\/CoSD-Logo-cropped.png","width":150,"height":150,"caption":"County of San Diego"},"image":{"@id":"https:\/\/www.sandiegocounty.gov\/#\/schema\/logo\/image\/"},"sameAs":["https:\/\/www.facebook.com\/sandiegocounty","https:\/\/x.com\/SanDiegoCounty","https:\/\/www.youtube.com\/countysandiego","https:\/\/www.instagram.com\/countyofsandiego\/"],"description":"Qu\u1eadn cung c\u1ea5p nhi\u1ec1u d\u1ecbch v\u1ee5 y t\u1ebf, an to\u00e0n c\u00f4ng c\u1ed9ng v\u00e0 c\u1ed9ng \u0111\u1ed3ng cho c\u01b0 d\u00e2n c\u1ee7a 18 th\u00e0nh ph\u1ed1 trong khu v\u1ef1c v\u00e0 m\u1ed9t khu v\u1ef1c r\u1ed9ng l\u1edbn ch\u01b0a h\u1ee3p nh\u1ea5t.","telephone":"(858) 694-3900","legalName":"County of San Diego"}]}},"_links":{"self":[{"href":"https:\/\/www.sandiegocounty.gov\/vi\/wp-json\/wp\/v2\/pages\/5041","targetHints":{"allow":["GET"]}}],"collection":[{"href":"https:\/\/www.sandiegocounty.gov\/vi\/wp-json\/wp\/v2\/pages"}],"about":[{"href":"https:\/\/www.sandiegocounty.gov\/vi\/wp-json\/wp\/v2\/types\/page"}],"author":[{"embeddable":true,"href":"https:\/\/www.sandiegocounty.gov\/vi\/wp-json\/wp\/v2\/users\/5"}],"replies":[{"embeddable":true,"href":"https:\/\/www.sandiegocounty.gov\/vi\/wp-json\/wp\/v2\/comments?post=5041"}],"version-history":[{"count":1,"href":"https:\/\/www.sandiegocounty.gov\/vi\/wp-json\/wp\/v2\/pages\/5041\/revisions"}],"predecessor-version":[{"id":5042,"href":"https:\/\/www.sandiegocounty.gov\/vi\/wp-json\/wp\/v2\/pages\/5041\/revisions\/5042"}],"wp:attachment":[{"href":"https:\/\/www.sandiegocounty.gov\/vi\/wp-json\/wp\/v2\/media?parent=5041"}],"wp:term":[{"taxonomy":"departments","embeddable":true,"href":"https:\/\/www.sandiegocounty.gov\/vi\/wp-json\/wp\/v2\/departments?post=5041"}],"curies":[{"name":"wp","href":"https:\/\/api.w.org\/{rel}","templated":true}]}}