{"id":6608,"date":"2026-04-15T14:41:52","date_gmt":"2026-04-15T21:41:52","guid":{"rendered":"https:\/\/www.sandiegocounty.gov\/?page_id=6608"},"modified":"2026-04-15T14:44:43","modified_gmt":"2026-04-15T21:44:43","slug":"tieu-chuan-trai-nghiem-ky-thuat-so","status":"publish","type":"page","link":"https:\/\/www.sandiegocounty.gov\/vi\/digital-experience-standards\/","title":{"rendered":"Ti\u00eau chu\u1ea9n tr\u1ea3i nghi\u1ec7m k\u1ef9 thu\u1eadt s\u1ed1"},"content":{"rendered":"<p>\u0110\u1ec3 bi\u1ebft th\u00eam th\u00f4ng tin chi ti\u1ebft, vui l\u00f2ng li\u00ean h\u1ec7 v\u1edbi ch\u00fang t\u00f4i theo \u0111\u1ecba ch\u1ec9 sau:\u00a0<a href=\"mailto:digital@sdcounty.ca.gov\">digital@sdcounty.ca.gov<\/a>.<\/p>\n\n\n\n<h2 class=\"wp-block-heading\" id=\"h-general-usability\" data-toc=\"true\">Kh\u1ea3 n\u0103ng s\u1eed d\u1ee5ng chung<a href=\"https:\/\/www.sandiegocounty.gov\/content\/sdc\/cco\/branding.html\"><\/a><\/h2>\n\n\n\n<p>N\u1ed9i dung s\u1ed1 c\u1ee7a qu\u1eadn c\u1ea7n tu\u00e2n theo c\u00e1c th\u1ef1c ti\u1ec5n t\u1ed1t nh\u1ea5t \u0111\u01b0\u1ee3c ch\u1ea5p nh\u1eadn r\u1ed9ng r\u00e3i v\u1ec1 vi\u1ec7c \u0111\u00e1p \u1ee9ng nhu c\u1ea7u ng\u01b0\u1eddi d\u00f9ng. Nhi\u1ec1u th\u1ef1c ti\u1ec5n n\u00e0y s\u1ebd tr\u00f9ng l\u1eb7p v\u1edbi c\u00e1c ti\u00eau chu\u1ea9n kh\u00e1c. Ch\u00fang bao g\u1ed3m:<\/p>\n\n\n\n<ul class=\"wp-block-list\">\n<li>\u0110\u00e1p \u1ee9ng nhu c\u1ea7u ng\u01b0\u1eddi d\u00f9ng<\/li>\n\n\n\n<li>\u0110\u01b0a ra quy\u1ebft \u0111\u1ecbnh d\u1ef1a tr\u00ean d\u1eef li\u1ec7u.<\/li>\n\n\n\n<li>C\u1ea5u tr\u00fac n\u1ed9i dung v\u00e0 l\u00e0m cho n\u00f3 d\u1ec5 \u0111\u1ecdc l\u01b0\u1edbt.<\/li>\n\n\n\n<li>\u01afu ti\u00ean th\u00f4ng tin v\u00e0 thi\u1ebft l\u1eadp th\u1ee9 b\u1eadc r\u00f5 r\u00e0ng.<\/li>\n\n\n\n<li>H\u00e3y \u01b0u ti\u00ean s\u1eed d\u1ee5ng trang web thay v\u00ec PDF b\u1ea5t c\u1ee9 khi n\u00e0o c\u00f3 th\u1ec3.<\/li>\n\n\n\n<li>Tr\u00e1nh sao ch\u00e9p n\u1ed9i dung sang c\u00e1c trang kh\u00e1c c\u1ee7a Qu\u1eadn.<\/li>\n<\/ul>\n\n\n\n<h2 class=\"wp-block-heading\" id=\"h-accessibility\" data-toc=\"true\">Kh\u1ea3 n\u0103ng ti\u1ebfp c\u1eadn<\/h2>\n\n\n\n<p>C\u00e1c d\u1ecbch v\u1ee5 tr\u1ef1c tuy\u1ebfn c\u1ee7a qu\u1eadn ph\u1ea3i d\u1ec5 ti\u1ebfp c\u1eadn \u0111\u1ed1i v\u1edbi ng\u01b0\u1eddi khuy\u1ebft t\u1eadt. Qu\u1eadn cam k\u1ebft \u0111\u1ea3m b\u1ea3o c\u00e1c trang web c\u1ee7a m\u00ecnh \u0111\u00e1p \u1ee9ng ti\u00eau chu\u1ea9n n\u00e0y.&nbsp;<a href=\"https:\/\/www.w3.org\/TR\/WCAG21\/\">H\u01b0\u1edbng d\u1eabn v\u1ec1 kh\u1ea3 n\u0103ng truy c\u1eadp n\u1ed9i dung web (WCAG) 2.1<\/a>. \u200b\u200b\u200b\u200b\u200b\u200b\u200b\u200b\u200b\u200b\u200b\u200b\u200b\u200b<\/p>\n\n\n\n<h2 class=\"wp-block-heading\" id=\"h-mobile\" data-toc=\"true\">Di \u0111\u1ed9ng<\/h2>\n\n\n\n<p>C\u00e1c d\u1ecbch v\u1ee5 tr\u1ef1c tuy\u1ebfn c\u1ee7a qu\u1eadn c\u1ea7n ph\u1ea3i d\u1ec5 d\u00e0ng truy c\u1eadp tr\u00ean m\u1ecdi thi\u1ebft b\u1ecb.&nbsp;<\/p>\n\n\n\n<h2 class=\"wp-block-heading\" id=\"h-readability\" data-toc=\"true\">Kh\u1ea3 n\u0103ng \u0111\u1ecdc hi\u1ec3u<\/h2>\n\n\n\n<p>N\u1ed9i dung tr\u1ef1c tuy\u1ebfn c\u1ee7a qu\u1eadn c\u1ea7n \u0111\u01b0\u1ee3c vi\u1ebft sao cho ph\u00f9 h\u1ee3p v\u1edbi \u0111\u1ed1i t\u01b0\u1ee3ng \u0111\u1ed9c gi\u1ea3 r\u1ed9ng nh\u1ea5t c\u00f3 th\u1ec3. T\u00e0i li\u1ec7u d\u00e0nh cho \u0111\u1ed9c gi\u1ea3 ph\u1ed5 th\u00f4ng c\u1ea7n \u0111\u1ea1t \u0111i\u1ec3m t\u1eeb 60 tr\u1edf l\u00ean tr\u00ean thang \u0111o \u0111\u1ed9 d\u1ec5 \u0111\u1ecdc Flesch-Kincaid.<\/p>\n\n\n\n<h2 class=\"wp-block-heading\" id=\"h-search\" data-toc=\"true\">T\u00ecm ki\u1ebfm<\/h2>\n\n\n\n<p>N\u1ed9i dung k\u1ef9 thu\u1eadt s\u1ed1 c\u1ee7a qu\u1eadn n\u00ean tu\u00e2n theo c\u00e1c quy t\u1eafc gi\u00fap ng\u01b0\u1eddi d\u00f9ng d\u1ec5 d\u00e0ng t\u00ecm th\u1ea5y n\u1ed9i dung th\u00f4ng qua c\u00e1c c\u00f4ng c\u1ee5 t\u00ecm ki\u1ebfm. T\u1ed1i thi\u1ec3u, n\u1ed9i dung c\u1ea7n ph\u1ea3i:<\/p>\n\n\n\n<ul class=\"wp-block-list\">\n<li>Bao g\u1ed3m c\u1ea3 m\u00f4 t\u1ea3 meta.<\/li>\n\n\n\n<li>H\u00e3y s\u1eed d\u1ee5ng ti\u00eau \u0111\u1ec1 v\u1edbi th\u1ebb v\u00e0 c\u1ea5u tr\u00fac ph\u00e2n c\u1ea5p ph\u00f9 h\u1ee3p.<\/li>\n\n\n\n<li>H\u00e3y s\u1eed d\u1ee5ng ng\u00f4n ng\u1eef m\u00e0 c\u00f4ng ch\u00fang th\u01b0\u1eddng d\u00f9ng khi t\u00ecm ki\u1ebfm th\u00f4ng tin.<\/li>\n\n\n\n<li>C\u1eadp nh\u1eadt n\u1ed9i dung th\u01b0\u1eddng xuy\u00ean.<\/li>\n\n\n\n<li>H\u00e3y t\u1eadp trung n\u1ed9i dung v\u00e0o nh\u1eefng th\u00f4ng tin m\u00e0 ng\u01b0\u1eddi d\u00f9ng \u0111ang t\u00ecm ki\u1ebfm.<\/li>\n<\/ul>\n\n\n\n<h2 class=\"wp-block-heading\" id=\"h-multilingual\" data-toc=\"true\">\u0110a ng\u00f4n ng\u1eef<\/h2>\n\n\n\n<p>N\u1ed9i dung s\u1ed1 c\u1ee7a qu\u1eadn c\u1ea7n h\u1ed7 tr\u1ee3 d\u1ecbch thu\u1eadt sang c\u00e1c ng\u00f4n ng\u1eef ng\u01b0\u1ee1ng \u0111\u01b0\u1ee3c ch\u1ec9 \u0111\u1ecbnh.<\/p>\n\n\n\n<h2 class=\"wp-block-heading\" id=\"h-branding\" data-toc=\"true\">X\u00e2y d\u1ef1ng th\u01b0\u01a1ng hi\u1ec7u<\/h2>\n\n\n\n<p>C\u00e1c trang web v\u00e0 trang th\u00f4ng tin c\u1ee7a qu\u1eadn c\u1ea7n s\u1eed d\u1ee5ng c\u00e1c m\u1eabu \u0111\u00e3 \u0111\u01b0\u1ee3c ph\u00ea duy\u1ec7t v\u00e0 tu\u00e2n theo c\u00e1c quy \u0111\u1ecbnh sau.&nbsp;<a href=\"https:\/\/www.sandiegocounty.gov\/content\/sdc\/cco\/branding.html\">h\u01b0\u1edbng d\u1eabn v\u1ec1 logo<\/a>.<\/p>\n\n\n\n<h2 class=\"wp-block-heading\" id=\"h-performance\" data-toc=\"true\">Hi\u1ec7u su\u1ea5t<\/h2>\n\n\n\n<p>C\u00e1c trang web c\u1ee7a qu\u1eadn c\u1ea7n t\u1ed1i thi\u1ec3u h\u00f3a th\u1eddi gian t\u1ea3i trang \u0111\u1ec3 ho\u1ea1t \u0111\u1ed9ng t\u1ed1t tr\u00ean nhi\u1ec1u thi\u1ebft b\u1ecb v\u00e0 t\u1ed1c \u0111\u1ed9 k\u1ebft n\u1ed1i kh\u00e1c nhau. Hi\u1ec7n t\u1ea1i ch\u00fang t\u00f4i ch\u01b0a c\u00f3 bi\u1ec7n ph\u00e1p c\u1ee5 th\u1ec3 n\u00e0o \u0111\u1ec3 \u0111\u1ea1t \u0111\u01b0\u1ee3c \u0111i\u1ec1u n\u00e0y, nh\u01b0ng c\u00f3 m\u1ed9t s\u1ed1 \u0111i\u1ec1u c\u1ea7n xem x\u00e9t:<\/p>\n\n\n\n<ul class=\"wp-block-list\">\n<li>T\u1ed1i \u01b0u h\u00f3a cho c\u00e1c k\u1ebft n\u1ed1i b\u0103ng th\u00f4ng th\u1ea5p<\/li>\n\n\n\n<li>B\u1ed9 nh\u1edb \u0111\u1ec7m \u0111\u1ec3 ph\u00e2n ph\u1ed1i n\u1ed9i dung<\/li>\n\n\n\n<li>N\u00e9n \u1ea3nh v\u00e0 c\u00e1c t\u1ec7p tin kh\u00e1c. C\u00e2n nh\u1eafc xem vi\u1ec7c n\u00e9n c\u00f3 c\u1ea7n thi\u1ebft hay kh\u00f4ng.&nbsp;<\/li>\n<\/ul>","protected":false},"excerpt":{"rendered":"<p>San Diego County digital experience standards help to improve the experience of people who use our website and other digital services. [&#8230;]<\/p>\n<p><a class=\"btn btn-secondary understrap-read-more-link\" href=\"https:\/\/www.sandiegocounty.gov\/vi\/digital-experience-standards\/\">Read More&#8230;<span class=\"screen-reader-text\"> from Digital Experience Standards<\/span><\/a><\/p>\n","protected":false},"author":19,"featured_media":0,"parent":0,"menu_order":0,"comment_status":"closed","ping_status":"closed","template":"page-templates\/about.php","meta":{"_acf_changed":false,"footnotes":""},"departments":[28],"class_list":["post-6608","page","type-page","status-publish","hentry","departments-technology-office"],"acf":[],"yoast_head":"<!-- This site is optimized with the Yoast SEO Premium plugin v27.3 (Yoast SEO v27.3) - https:\/\/yoast.com\/product\/yoast-seo-premium-wordpress\/ -->\n<title>Digital Experience Standards - County of San Diego<\/title>\n<meta name=\"robots\" content=\"index, follow, max-snippet:-1, max-image-preview:large, max-video-preview:-1\" \/>\n<link rel=\"canonical\" href=\"https:\/\/www.sandiegocounty.gov\/vi\/tieu-chuan-trai-nghiem-ky-thuat-so\/\" \/>\n<meta property=\"og:locale\" content=\"vi_VN\" \/>\n<meta property=\"og:type\" content=\"article\" \/>\n<meta property=\"og:title\" content=\"Digital Experience Standards\" \/>\n<meta property=\"og:description\" content=\"San Diego County digital experience standards help to improve the experience of people who use our website and other digital services. [...]Read More... from Digital Experience Standards\" \/>\n<meta property=\"og:url\" content=\"https:\/\/www.sandiegocounty.gov\/vi\/tieu-chuan-trai-nghiem-ky-thuat-so\/\" \/>\n<meta property=\"og:site_name\" content=\"County of San Diego\" \/>\n<meta property=\"article:publisher\" content=\"https:\/\/www.facebook.com\/sandiegocounty\" \/>\n<meta property=\"article:modified_time\" content=\"2026-04-15T21:44:43+00:00\" \/>\n<meta property=\"og:image\" content=\"https:\/\/www.sandiegocounty.gov\/uploads\/2025\/10\/County-logo-OpenGraph-1200x630-1.png\" \/>\n\t<meta property=\"og:image:width\" content=\"1200\" \/>\n\t<meta property=\"og:image:height\" content=\"630\" \/>\n\t<meta property=\"og:image:type\" content=\"image\/png\" \/>\n<meta name=\"twitter:card\" content=\"summary_large_image\" \/>\n<meta name=\"twitter:site\" content=\"@SanDiegoCounty\" \/>\n<meta name=\"twitter:label1\" content=\"Est. reading time\" \/>\n\t<meta name=\"twitter:data1\" content=\"2 minutes\" \/>\n<script type=\"application\/ld+json\" class=\"yoast-schema-graph\">{\"@context\":\"https:\\\/\\\/schema.org\",\"@graph\":[{\"@type\":\"WebPage\",\"@id\":\"https:\\\/\\\/www.sandiegocounty.gov\\\/digital-experience-standards\\\/\",\"url\":\"https:\\\/\\\/www.sandiegocounty.gov\\\/digital-experience-standards\\\/\",\"name\":\"Digital Experience Standards - County of San Diego\",\"isPartOf\":{\"@id\":\"https:\\\/\\\/www.sandiegocounty.gov\\\/#website\"},\"datePublished\":\"2026-04-15T21:41:52+00:00\",\"dateModified\":\"2026-04-15T21:44:43+00:00\",\"breadcrumb\":{\"@id\":\"https:\\\/\\\/www.sandiegocounty.gov\\\/digital-experience-standards\\\/#breadcrumb\"},\"inLanguage\":\"vi\",\"potentialAction\":[{\"@type\":\"ReadAction\",\"target\":[\"https:\\\/\\\/www.sandiegocounty.gov\\\/digital-experience-standards\\\/\"]}]},{\"@type\":\"BreadcrumbList\",\"@id\":\"https:\\\/\\\/www.sandiegocounty.gov\\\/digital-experience-standards\\\/#breadcrumb\",\"itemListElement\":[{\"@type\":\"ListItem\",\"position\":1,\"name\":\"Home\",\"item\":\"https:\\\/\\\/www.sandiegocounty.gov\\\/\"},{\"@type\":\"ListItem\",\"position\":2,\"name\":\"Digital Experience Standards\"}]},{\"@type\":\"WebSite\",\"@id\":\"https:\\\/\\\/www.sandiegocounty.gov\\\/#website\",\"url\":\"https:\\\/\\\/www.sandiegocounty.gov\\\/\",\"name\":\"County of San Diego\",\"description\":\"\",\"publisher\":{\"@id\":\"https:\\\/\\\/www.sandiegocounty.gov\\\/#organization\"},\"alternateName\":\"SanDiegoCounty.gov\",\"potentialAction\":[{\"@type\":\"SearchAction\",\"target\":{\"@type\":\"EntryPoint\",\"urlTemplate\":\"https:\\\/\\\/www.sandiegocounty.gov\\\/?s={search_term_string}\"},\"query-input\":{\"@type\":\"PropertyValueSpecification\",\"valueRequired\":true,\"valueName\":\"search_term_string\"}}],\"inLanguage\":\"vi\"},{\"@type\":\"Organization\",\"@id\":\"https:\\\/\\\/www.sandiegocounty.gov\\\/#organization\",\"name\":\"County of San Diego\",\"url\":\"https:\\\/\\\/www.sandiegocounty.gov\\\/\",\"logo\":{\"@type\":\"ImageObject\",\"inLanguage\":\"vi\",\"@id\":\"https:\\\/\\\/www.sandiegocounty.gov\\\/#\\\/schema\\\/logo\\\/image\\\/\",\"url\":\"https:\\\/\\\/www.sandiegocounty.gov\\\/uploads\\\/2024\\\/07\\\/CoSD-Logo-cropped.png\",\"contentUrl\":\"https:\\\/\\\/www.sandiegocounty.gov\\\/uploads\\\/2024\\\/07\\\/CoSD-Logo-cropped.png\",\"width\":150,\"height\":150,\"caption\":\"County of San Diego\"},\"image\":{\"@id\":\"https:\\\/\\\/www.sandiegocounty.gov\\\/#\\\/schema\\\/logo\\\/image\\\/\"},\"sameAs\":[\"https:\\\/\\\/www.facebook.com\\\/sandiegocounty\",\"https:\\\/\\\/x.com\\\/SanDiegoCounty\",\"https:\\\/\\\/www.youtube.com\\\/countysandiego\",\"https:\\\/\\\/www.instagram.com\\\/countyofsandiego\\\/\"],\"description\":\"The County provides a wide variety of health, public safety and community services to residents of the region's 18 cities and a large unincorporated area.\",\"telephone\":\"(858) 694-3900\",\"legalName\":\"County of San Diego\"}]}<\/script>\n<!-- \/ Yoast SEO Premium plugin. -->","yoast_head_json":{"title":"Ti\u00eau chu\u1ea9n Tr\u1ea3i nghi\u1ec7m K\u1ef9 thu\u1eadt s\u1ed1 - Qu\u1eadn San Diego","robots":{"index":"index","follow":"follow","max-snippet":"max-snippet:-1","max-image-preview":"max-image-preview:large","max-video-preview":"max-video-preview:-1"},"canonical":"https:\/\/www.sandiegocounty.gov\/vi\/tieu-chuan-trai-nghiem-ky-thuat-so\/","og_locale":"vi_VN","og_type":"article","og_title":"Digital Experience Standards","og_description":"San Diego County digital experience standards help to improve the experience of people who use our website and other digital services. [...]Read More... from Digital Experience Standards","og_url":"https:\/\/www.sandiegocounty.gov\/vi\/tieu-chuan-trai-nghiem-ky-thuat-so\/","og_site_name":"County of San Diego","article_publisher":"https:\/\/www.facebook.com\/sandiegocounty","article_modified_time":"2026-04-15T21:44:43+00:00","og_image":[{"width":1200,"height":630,"url":"https:\/\/www.sandiegocounty.gov\/uploads\/2025\/10\/County-logo-OpenGraph-1200x630-1.png","type":"image\/png"}],"twitter_card":"summary_large_image","twitter_site":"@SanDiegoCounty","twitter_misc":{"Est. reading time":"2 minutes"},"schema":{"@context":"https:\/\/schema.org","@graph":[{"@type":"WebPage","@id":"https:\/\/www.sandiegocounty.gov\/digital-experience-standards\/","url":"https:\/\/www.sandiegocounty.gov\/digital-experience-standards\/","name":"Ti\u00eau chu\u1ea9n Tr\u1ea3i nghi\u1ec7m K\u1ef9 thu\u1eadt s\u1ed1 - Qu\u1eadn San Diego","isPartOf":{"@id":"https:\/\/www.sandiegocounty.gov\/#website"},"datePublished":"2026-04-15T21:41:52+00:00","dateModified":"2026-04-15T21:44:43+00:00","breadcrumb":{"@id":"https:\/\/www.sandiegocounty.gov\/digital-experience-standards\/#breadcrumb"},"inLanguage":"vi","potentialAction":[{"@type":"ReadAction","target":["https:\/\/www.sandiegocounty.gov\/digital-experience-standards\/"]}]},{"@type":"BreadcrumbList","@id":"https:\/\/www.sandiegocounty.gov\/digital-experience-standards\/#breadcrumb","itemListElement":[{"@type":"ListItem","position":1,"name":"Home","item":"https:\/\/www.sandiegocounty.gov\/"},{"@type":"ListItem","position":2,"name":"Digital Experience Standards"}]},{"@type":"WebSite","@id":"https:\/\/www.sandiegocounty.gov\/#website","url":"https:\/\/www.sandiegocounty.gov\/","name":"Qu\u1eadn San Diego","description":"","publisher":{"@id":"https:\/\/www.sandiegocounty.gov\/#organization"},"alternateName":"SanDiegoCounty.gov","potentialAction":[{"@type":"SearchAction","target":{"@type":"EntryPoint","urlTemplate":"https:\/\/www.sandiegocounty.gov\/?s={search_term_string}"},"query-input":{"@type":"PropertyValueSpecification","valueRequired":true,"valueName":"search_term_string"}}],"inLanguage":"vi"},{"@type":"Organization","@id":"https:\/\/www.sandiegocounty.gov\/#organization","name":"Qu\u1eadn San Diego","url":"https:\/\/www.sandiegocounty.gov\/","logo":{"@type":"ImageObject","inLanguage":"vi","@id":"https:\/\/www.sandiegocounty.gov\/#\/schema\/logo\/image\/","url":"https:\/\/www.sandiegocounty.gov\/uploads\/2024\/07\/CoSD-Logo-cropped.png","contentUrl":"https:\/\/www.sandiegocounty.gov\/uploads\/2024\/07\/CoSD-Logo-cropped.png","width":150,"height":150,"caption":"County of San Diego"},"image":{"@id":"https:\/\/www.sandiegocounty.gov\/#\/schema\/logo\/image\/"},"sameAs":["https:\/\/www.facebook.com\/sandiegocounty","https:\/\/x.com\/SanDiegoCounty","https:\/\/www.youtube.com\/countysandiego","https:\/\/www.instagram.com\/countyofsandiego\/"],"description":"Qu\u1eadn cung c\u1ea5p nhi\u1ec1u d\u1ecbch v\u1ee5 y t\u1ebf, an to\u00e0n c\u00f4ng c\u1ed9ng v\u00e0 c\u1ed9ng \u0111\u1ed3ng cho c\u01b0 d\u00e2n c\u1ee7a 18 th\u00e0nh ph\u1ed1 trong khu v\u1ef1c v\u00e0 m\u1ed9t khu v\u1ef1c r\u1ed9ng l\u1edbn ch\u01b0a h\u1ee3p nh\u1ea5t.","telephone":"(858) 694-3900","legalName":"County of San Diego"}]}},"_links":{"self":[{"href":"https:\/\/www.sandiegocounty.gov\/vi\/wp-json\/wp\/v2\/pages\/6608","targetHints":{"allow":["GET"]}}],"collection":[{"href":"https:\/\/www.sandiegocounty.gov\/vi\/wp-json\/wp\/v2\/pages"}],"about":[{"href":"https:\/\/www.sandiegocounty.gov\/vi\/wp-json\/wp\/v2\/types\/page"}],"author":[{"embeddable":true,"href":"https:\/\/www.sandiegocounty.gov\/vi\/wp-json\/wp\/v2\/users\/19"}],"replies":[{"embeddable":true,"href":"https:\/\/www.sandiegocounty.gov\/vi\/wp-json\/wp\/v2\/comments?post=6608"}],"version-history":[{"count":4,"href":"https:\/\/www.sandiegocounty.gov\/vi\/wp-json\/wp\/v2\/pages\/6608\/revisions"}],"predecessor-version":[{"id":6615,"href":"https:\/\/www.sandiegocounty.gov\/vi\/wp-json\/wp\/v2\/pages\/6608\/revisions\/6615"}],"wp:attachment":[{"href":"https:\/\/www.sandiegocounty.gov\/vi\/wp-json\/wp\/v2\/media?parent=6608"}],"wp:term":[{"taxonomy":"departments","embeddable":true,"href":"https:\/\/www.sandiegocounty.gov\/vi\/wp-json\/wp\/v2\/departments?post=6608"}],"curies":[{"name":"wp","href":"https:\/\/api.w.org\/{rel}","templated":true}]}}